{"id":7266,"date":"2021-12-16T07:43:49","date_gmt":"2021-12-16T06:43:49","guid":{"rendered":"https:\/\/fanou-decals.com\/?page_id=7266"},"modified":"2022-05-25T12:20:39","modified_gmt":"2022-05-25T10:20:39","slug":"livraison","status":"publish","type":"page","link":"https:\/\/fanou-decals.com\/it\/livraison\/","title":{"rendered":"Consegna"},"content":{"rendered":"<h2>Exp\u00e9ditions et retours<\/h2>\n<h3>Exp\u00e9dition de votre\u00a0lettre suivie<\/h3>\n<p>Les lettres suivies\u00a0sont g\u00e9n\u00e9ralement exp\u00e9di\u00e9s dans un d\u00e9lai de 2\u00a0jours apr\u00e8s r\u00e9ception du paiement. Ils sont exp\u00e9di\u00e9s via LaPoste\u00a0avec un num\u00e9ro de suivi et remis sans signature.<\/p>\n<p>Les frais d\u2019exp\u00e9dition incluent les frais de pr\u00e9paration et d\u2019emballage ainsi que les frais de port. Les frais de pr\u00e9paration sont fixes, tandis que les frais de transport varient selon le poids total du colis. Nous vous recommandons de regrouper tous vos articles dans une seule commande. Nous ne pouvons regrouper deux commandes plac\u00e9es s\u00e9par\u00e9ment et des frais d\u2019exp\u00e9dition s\u2019appliquent \u00e0 chacune d\u2019entre elles. Votre colis est exp\u00e9di\u00e9 \u00e0 vos propres risques, mais une attention particuli\u00e8re est port\u00e9e aux objets fragiles.<\/p>\n<p>Les dimensions des bo\u00eetes sont appropri\u00e9es et vos articles sont correctement prot\u00e9g\u00e9s.<\/p>\n","protected":false},"excerpt":{"rendered":"<p>Exp\u00e9ditions et retours Exp\u00e9dition de votre\u00a0lettre suivie Les lettres suivies\u00a0sont g\u00e9n\u00e9ralement exp\u00e9di\u00e9s dans un d\u00e9lai de 2\u00a0jours apr\u00e8s r\u00e9ception du paiement. Ils sont exp\u00e9di\u00e9s via LaPoste\u00a0avec un num\u00e9ro de suivi et remis sans signature. Les frais d\u2019exp\u00e9dition incluent les frais de pr\u00e9paration et d\u2019emballage ainsi que les frais de port. Les frais de pr\u00e9paration sont [&hellip;]<\/p>\n","protected":false},"author":1,"featured_media":0,"parent":0,"menu_order":0,"comment_status":"closed","ping_status":"closed","template":"","meta":{"footnotes":""},"class_list":["post-7266","page","type-page","status-publish","hentry","entry","owp-thumbs-layout-horizontal","owp-btn-normal","owp-tabs-layout-horizontal","has-no-thumbnails"],"translation":{"provider":"WPGlobus","version":"3.0.0","language":"it","enabled_languages":["fr","en","es","de","it"],"languages":{"fr":{"title":true,"content":true,"excerpt":false},"en":{"title":true,"content":true,"excerpt":false},"es":{"title":true,"content":false,"excerpt":false},"de":{"title":true,"content":false,"excerpt":false},"it":{"title":true,"content":true,"excerpt":false}}},"yoast_head":"<!-- This site is optimized with the Yoast SEO plugin v23.4 - https:\/\/yoast.com\/wordpress\/plugins\/seo\/ -->\n<title>Consegna - Auto in miniatura, decalcomania : Fanou Decals<\/title>\n<meta name=\"description\" content=\"Consegna di auto in miniatura da collezione e idee regalo. auto in miniatura di Fanou Decals\" \/>\n<meta name=\"robots\" content=\"index, follow, max-snippet:-1, max-image-preview:large, max-video-preview:-1\" \/>\n<link rel=\"canonical\" href=\"https:\/\/fanou-decals.com\/livraison\/\" \/>\n<meta property=\"og:locale\" content=\"it_IT\" \/>\n<meta property=\"og:type\" content=\"article\" \/>\n<meta property=\"og:title\" content=\"Consegna - Auto in miniatura, decalcomania : Fanou Decals\" \/>\n<meta property=\"og:description\" content=\"Consegna di auto in miniatura da collezione e idee regalo. auto in miniatura di Fanou Decals\" \/>\n<meta property=\"og:url\" content=\"https:\/\/fanou-decals.com\/livraison\/\" \/>\n<meta property=\"og:site_name\" content=\"Auto in miniatura, decalcomania : Fanou Decals\" \/>\n<meta property=\"article:modified_time\" content=\"2022-05-25T10:20:39+00:00\" \/>\n<meta name=\"twitter:card\" content=\"summary_large_image\" \/>\n<meta name=\"twitter:label1\" content=\"Tempo di lettura stimato\" \/>\n\t<meta name=\"twitter:data1\" content=\"2 minuti\" \/>\n<script type=\"application\/ld+json\" class=\"yoast-schema-graph\">{\"@context\":\"https:\/\/schema.org\",\"@graph\":[{\"@type\":\"WebPage\",\"@id\":\"https:\/\/fanou-decals.com\/livraison\/\",\"url\":\"https:\/\/fanou-decals.com\/livraison\/\",\"name\":\"Consegna - Auto in miniatura, decalcomania : Fanou Decals\",\"isPartOf\":{\"@id\":\"https:\/\/fanou-decals.com\/#website\"},\"datePublished\":\"2021-12-16T06:43:49+00:00\",\"dateModified\":\"2022-05-25T10:20:39+00:00\",\"description\":\"Consegna di auto in miniatura da collezione e idee regalo. auto in miniatura di Fanou Decals\",\"breadcrumb\":{\"@id\":\"https:\/\/fanou-decals.com\/livraison\/#breadcrumb\"},\"inLanguage\":\"it-IT\",\"potentialAction\":[{\"@type\":\"ReadAction\",\"target\":[\"https:\/\/fanou-decals.com\/livraison\/\"]}]},{\"@type\":\"BreadcrumbList\",\"@id\":\"https:\/\/fanou-decals.com\/livraison\/#breadcrumb\",\"itemListElement\":[{\"@type\":\"ListItem\",\"position\":1,\"name\":\"Fanou Decals\",\"item\":\"https:\/\/fanou-decals.com\/\"},{\"@type\":\"ListItem\",\"position\":2,\"name\":\"Livraison\"}]},{\"@type\":\"WebSite\",\"@id\":\"https:\/\/fanou-decals.com\/#website\",\"url\":\"https:\/\/fanou-decals.com\/\",\"name\":\"Auto in miniatura, decalcomania : Fanou Decals\",\"description\":\"Decal e auto in miniatura 1\/43, rally, 24 ore di Le Mans e F1\",\"publisher\":{\"@id\":\"https:\/\/fanou-decals.com\/#organization\"},\"potentialAction\":[{\"@type\":\"SearchAction\",\"target\":{\"@type\":\"EntryPoint\",\"urlTemplate\":\"https:\/\/fanou-decals.com\/?s={search_term_string}\"},\"query-input\":{\"@type\":\"PropertyValueSpecification\",\"valueRequired\":true,\"valueName\":\"search_term_string\"}}],\"inLanguage\":\"it-IT\"},{\"@type\":\"Organization\",\"@id\":\"https:\/\/fanou-decals.com\/#organization\",\"name\":\"Fanou Decals : miniatures et decals rallye, circuits, formule 1\",\"url\":\"https:\/\/fanou-decals.com\/\",\"logo\":{\"@type\":\"ImageObject\",\"inLanguage\":\"it-IT\",\"@id\":\"https:\/\/fanou-decals.com\/#\/schema\/logo\/image\/\",\"url\":\"https:\/\/fanou-decals.com\/wp-content\/uploads\/2021\/12\/fanou-decals-logo.png\",\"contentUrl\":\"https:\/\/fanou-decals.com\/wp-content\/uploads\/2021\/12\/fanou-decals-logo.png\",\"width\":350,\"height\":126,\"caption\":\"Fanou Decals : miniatures et decals rallye, circuits, formule 1\"},\"image\":{\"@id\":\"https:\/\/fanou-decals.com\/#\/schema\/logo\/image\/\"}}]}<\/script>\n<!-- \/ Yoast SEO plugin. -->","yoast_head_json":{"title":"Consegna - Auto in miniatura, decalcomania : Fanou Decals","description":"Consegna di auto in miniatura da collezione e idee regalo. auto in miniatura di Fanou Decals","robots":{"index":"index","follow":"follow","max-snippet":"max-snippet:-1","max-image-preview":"max-image-preview:large","max-video-preview":"max-video-preview:-1"},"canonical":"https:\/\/fanou-decals.com\/livraison\/","og_locale":"it_IT","og_type":"article","og_title":"Consegna - Auto in miniatura, decalcomania : Fanou Decals","og_description":"Consegna di auto in miniatura da collezione e idee regalo. auto in miniatura di Fanou Decals","og_url":"https:\/\/fanou-decals.com\/livraison\/","og_site_name":"Auto in miniatura, decalcomania : Fanou Decals","article_modified_time":"2022-05-25T10:20:39+00:00","twitter_card":"summary_large_image","twitter_misc":{"Tempo di lettura stimato":"2 minuti"},"schema":{"@context":"https:\/\/schema.org","@graph":[{"@type":"WebPage","@id":"https:\/\/fanou-decals.com\/livraison\/","url":"https:\/\/fanou-decals.com\/livraison\/","name":"Consegna - Auto in miniatura, decalcomania : Fanou Decals","isPartOf":{"@id":"https:\/\/fanou-decals.com\/#website"},"datePublished":"2021-12-16T06:43:49+00:00","dateModified":"2022-05-25T10:20:39+00:00","description":"Consegna di auto in miniatura da collezione e idee regalo. auto in miniatura di Fanou Decals","breadcrumb":{"@id":"https:\/\/fanou-decals.com\/livraison\/#breadcrumb"},"inLanguage":"it-IT","potentialAction":[{"@type":"ReadAction","target":["https:\/\/fanou-decals.com\/livraison\/"]}]},{"@type":"BreadcrumbList","@id":"https:\/\/fanou-decals.com\/livraison\/#breadcrumb","itemListElement":[{"@type":"ListItem","position":1,"name":"Fanou Decals","item":"https:\/\/fanou-decals.com\/"},{"@type":"ListItem","position":2,"name":"Livraison"}]},{"@type":"WebSite","@id":"https:\/\/fanou-decals.com\/#website","url":"https:\/\/fanou-decals.com\/","name":"Auto in miniatura, decalcomania : Fanou Decals","description":"Decal e auto in miniatura 1\/43, rally, 24 ore di Le Mans e F1","publisher":{"@id":"https:\/\/fanou-decals.com\/#organization"},"potentialAction":[{"@type":"SearchAction","target":{"@type":"EntryPoint","urlTemplate":"https:\/\/fanou-decals.com\/?s={search_term_string}"},"query-input":{"@type":"PropertyValueSpecification","valueRequired":true,"valueName":"search_term_string"}}],"inLanguage":"it-IT"},{"@type":"Organization","@id":"https:\/\/fanou-decals.com\/#organization","name":"Fanou Decals : miniatures et decals rallye, circuits, formule 1","url":"https:\/\/fanou-decals.com\/","logo":{"@type":"ImageObject","inLanguage":"it-IT","@id":"https:\/\/fanou-decals.com\/#\/schema\/logo\/image\/","url":"https:\/\/fanou-decals.com\/wp-content\/uploads\/2021\/12\/fanou-decals-logo.png","contentUrl":"https:\/\/fanou-decals.com\/wp-content\/uploads\/2021\/12\/fanou-decals-logo.png","width":350,"height":126,"caption":"Fanou Decals : miniatures et decals rallye, circuits, formule 1"},"image":{"@id":"https:\/\/fanou-decals.com\/#\/schema\/logo\/image\/"}}]}},"_links":{"self":[{"href":"https:\/\/fanou-decals.com\/it\/wp-json\/wp\/v2\/pages\/7266"}],"collection":[{"href":"https:\/\/fanou-decals.com\/it\/wp-json\/wp\/v2\/pages"}],"about":[{"href":"https:\/\/fanou-decals.com\/it\/wp-json\/wp\/v2\/types\/page"}],"author":[{"embeddable":true,"href":"https:\/\/fanou-decals.com\/it\/wp-json\/wp\/v2\/users\/1"}],"replies":[{"embeddable":true,"href":"https:\/\/fanou-decals.com\/it\/wp-json\/wp\/v2\/comments?post=7266"}],"version-history":[{"count":4,"href":"https:\/\/fanou-decals.com\/it\/wp-json\/wp\/v2\/pages\/7266\/revisions"}],"predecessor-version":[{"id":7927,"href":"https:\/\/fanou-decals.com\/it\/wp-json\/wp\/v2\/pages\/7266\/revisions\/7927"}],"wp:attachment":[{"href":"https:\/\/fanou-decals.com\/it\/wp-json\/wp\/v2\/media?parent=7266"}],"curies":[{"name":"wp","href":"https:\/\/api.w.org\/{rel}","templated":true}]}}