{"id":7260,"date":"2021-12-16T07:41:17","date_gmt":"2021-12-16T06:41:17","guid":{"rendered":"https:\/\/fanou-decals.com\/?page_id=7260"},"modified":"2022-05-25T12:20:18","modified_gmt":"2022-05-25T10:20:18","slug":"mentions-legales","status":"publish","type":"page","link":"https:\/\/fanou-decals.com\/it\/mentions-legales\/","title":{"rendered":"Avviso legale"},"content":{"rendered":"<h2>\u00c9diteur du site<\/h2>\n<p>Le pr\u00e9sent site est la propri\u00e9t\u00e9 de <strong>FANOU DECALS<\/strong>.<\/p>\n<p>Le directeur de r\u00e9daction et de publication du site web est Michel, en qualit\u00e9 de repr\u00e9sentant l\u00e9gal de <strong>FANOU DECALS<\/strong>.<\/p>\n<p>Le d\u00e9veloppement web et la r\u00e9alisation du site internet de vente en ligne a \u00e9t\u00e9 d\u00e9velopp\u00e9 par l&#8217;<a href=\"https:\/\/www.wasi.fr\/agence-web-montauban\/\">agence web \u00e0 Montauban<\/a> <a href=\"https:\/\/www.wasi.fr\/\">WASI<\/a>. La refonte du site internet a consist\u00e9 \u00e0 un passage de Prestashop vers WordPress, avec import de donn\u00e9es dans le nouveau syst\u00e8me web.<\/p>\n<h2><strong>Protection des donn\u00e9es personnelles<\/strong><\/h2>\n<p>Ce site est en <a href=\"https:\/\/fanou-decals.com\/politique-de-confidentialite\/\">conformit\u00e9<\/a> avec les dispositions de la loi du 6 janvier 1978 relative \u00e0 l\u2019informatique, au fichier et aux libert\u00e9s.<\/p>\n<p>Vous disposez d\u2019un droit d\u2019acc\u00e8s, de modification, de rectification et de suppression des donn\u00e9es vous concernant. Vous pouvez exercer ce droit par\u00a0<a href=\"https:\/\/fanou-decals.com\/contact\/\">mail<\/a>.<\/p>\n<h2><strong>Reproduction et Droits d\u2019auteur<\/strong><\/h2>\n<p>La structure g\u00e9n\u00e9rale, ainsi que les textes, composants de ce site web sont la propri\u00e9t\u00e9 intellectuelle exclusive de FANOU DECALS.<\/p>\n<p>Toutes les informations contenues dans le pr\u00e9sent site, y compris d\u2019\u00e9ventuelles informations appartenant \u00e0 un tiers, ainsi que toute diffusion d\u2019articles parus dans la presse \u00e9crite, ont fait l\u2019objet d\u2019une autorisation pr\u00e9alable.<\/p>\n<p>Toute reproduction totale ou partielle du site web FANOU DECALS est interdite sans autorisation expresse et pr\u00e9alable de FANOU DECALS. Cette repr\u00e9sentation ou reproduction, par quelque proc\u00e9d\u00e9 que ce soit, constitue une contrefa\u00e7on sanctionn\u00e9e par les articles L.335-2 et suivants du Code de la propri\u00e9t\u00e9 intellectuelle.<\/p>\n<p>Toute reproduction totale ou partielle de la marque FANOU DECALS, sans autorisation pr\u00e9alable et expresse de FANOU DECALS, est donc prohib\u00e9e.<\/p>\n<p>Enfin, les liens hypertextes mis en place dans le cadre du site web FANOU DECALS en direction d\u2019autres ressources pr\u00e9sentes sur le r\u00e9seau Internet ne sauraient engager la responsabilit\u00e9 de FANOU DECALS.<\/p>\n<h3>Cr\u00e9dits Photographique<\/h3>\n<p>FANOU DECALS<\/p>\n<p>&nbsp;<\/p>\n","protected":false},"excerpt":{"rendered":"<p>\u00c9diteur du site Le pr\u00e9sent site est la propri\u00e9t\u00e9 de FANOU DECALS. Le directeur de r\u00e9daction et de publication du site web est Michel, en qualit\u00e9 de repr\u00e9sentant l\u00e9gal de FANOU DECALS. Le d\u00e9veloppement web et la r\u00e9alisation du site internet de vente en ligne a \u00e9t\u00e9 d\u00e9velopp\u00e9 par l&#8217;agence web \u00e0 Montauban WASI. La [&hellip;]<\/p>\n","protected":false},"author":1,"featured_media":0,"parent":0,"menu_order":0,"comment_status":"closed","ping_status":"closed","template":"","meta":{"footnotes":""},"class_list":["post-7260","page","type-page","status-publish","hentry","entry","owp-thumbs-layout-horizontal","owp-btn-normal","owp-tabs-layout-horizontal","has-no-thumbnails"],"translation":{"provider":"WPGlobus","version":"3.0.0","language":"it","enabled_languages":["fr","en","es","de","it"],"languages":{"fr":{"title":true,"content":true,"excerpt":false},"en":{"title":true,"content":false,"excerpt":false},"es":{"title":true,"content":false,"excerpt":false},"de":{"title":true,"content":false,"excerpt":false},"it":{"title":true,"content":false,"excerpt":false}}},"yoast_head":"<!-- This site is optimized with the Yoast SEO plugin v23.4 - https:\/\/yoast.com\/wordpress\/plugins\/seo\/ -->\n<title>Avviso legale - Auto in miniatura, decalcomania : Fanou Decals<\/title>\n<meta name=\"description\" content=\"Rally decalcomanie e miniature Fanou (parigi-dakar), circuiti, formula 1. Note legali. negozio online di modellini di auto\" \/>\n<meta name=\"robots\" content=\"index, follow, max-snippet:-1, max-image-preview:large, max-video-preview:-1\" \/>\n<link rel=\"canonical\" href=\"https:\/\/fanou-decals.com\/mentions-legales\/\" \/>\n<meta property=\"og:locale\" content=\"it_IT\" \/>\n<meta property=\"og:type\" content=\"article\" \/>\n<meta property=\"og:title\" content=\"Avviso legale - Auto in miniatura, decalcomania : Fanou Decals\" \/>\n<meta property=\"og:description\" content=\"Rally decalcomanie e miniature Fanou (parigi-dakar), circuiti, formula 1. Note legali. negozio online di modellini di auto\" \/>\n<meta property=\"og:url\" content=\"https:\/\/fanou-decals.com\/mentions-legales\/\" \/>\n<meta property=\"og:site_name\" content=\"Auto in miniatura, decalcomania : Fanou Decals\" \/>\n<meta property=\"article:modified_time\" content=\"2022-05-25T10:20:18+00:00\" \/>\n<meta name=\"twitter:card\" content=\"summary_large_image\" \/>\n<meta name=\"twitter:label1\" content=\"Tempo di lettura stimato\" \/>\n\t<meta name=\"twitter:data1\" content=\"2 minuti\" \/>\n<script type=\"application\/ld+json\" class=\"yoast-schema-graph\">{\"@context\":\"https:\/\/schema.org\",\"@graph\":[{\"@type\":\"WebPage\",\"@id\":\"https:\/\/fanou-decals.com\/mentions-legales\/\",\"url\":\"https:\/\/fanou-decals.com\/mentions-legales\/\",\"name\":\"Avviso legale - Auto in miniatura, decalcomania : Fanou Decals\",\"isPartOf\":{\"@id\":\"https:\/\/fanou-decals.com\/#website\"},\"datePublished\":\"2021-12-16T06:41:17+00:00\",\"dateModified\":\"2022-05-25T10:20:18+00:00\",\"description\":\"Rally decalcomanie e miniature Fanou (parigi-dakar), circuiti, formula 1. Note legali. negozio online di modellini di auto\",\"breadcrumb\":{\"@id\":\"https:\/\/fanou-decals.com\/mentions-legales\/#breadcrumb\"},\"inLanguage\":\"it-IT\",\"potentialAction\":[{\"@type\":\"ReadAction\",\"target\":[\"https:\/\/fanou-decals.com\/mentions-legales\/\"]}]},{\"@type\":\"BreadcrumbList\",\"@id\":\"https:\/\/fanou-decals.com\/mentions-legales\/#breadcrumb\",\"itemListElement\":[{\"@type\":\"ListItem\",\"position\":1,\"name\":\"Fanou Decals\",\"item\":\"https:\/\/fanou-decals.com\/\"},{\"@type\":\"ListItem\",\"position\":2,\"name\":\"Mentions l\u00e9gales\"}]},{\"@type\":\"WebSite\",\"@id\":\"https:\/\/fanou-decals.com\/#website\",\"url\":\"https:\/\/fanou-decals.com\/\",\"name\":\"Auto in miniatura, decalcomania : Fanou Decals\",\"description\":\"Decal e auto in miniatura 1\/43, rally, 24 ore di Le Mans e F1\",\"publisher\":{\"@id\":\"https:\/\/fanou-decals.com\/#organization\"},\"potentialAction\":[{\"@type\":\"SearchAction\",\"target\":{\"@type\":\"EntryPoint\",\"urlTemplate\":\"https:\/\/fanou-decals.com\/?s={search_term_string}\"},\"query-input\":{\"@type\":\"PropertyValueSpecification\",\"valueRequired\":true,\"valueName\":\"search_term_string\"}}],\"inLanguage\":\"it-IT\"},{\"@type\":\"Organization\",\"@id\":\"https:\/\/fanou-decals.com\/#organization\",\"name\":\"Fanou Decals : miniatures et decals rallye, circuits, formule 1\",\"url\":\"https:\/\/fanou-decals.com\/\",\"logo\":{\"@type\":\"ImageObject\",\"inLanguage\":\"it-IT\",\"@id\":\"https:\/\/fanou-decals.com\/#\/schema\/logo\/image\/\",\"url\":\"https:\/\/fanou-decals.com\/wp-content\/uploads\/2021\/12\/fanou-decals-logo.png\",\"contentUrl\":\"https:\/\/fanou-decals.com\/wp-content\/uploads\/2021\/12\/fanou-decals-logo.png\",\"width\":350,\"height\":126,\"caption\":\"Fanou Decals : miniatures et decals rallye, circuits, formule 1\"},\"image\":{\"@id\":\"https:\/\/fanou-decals.com\/#\/schema\/logo\/image\/\"}}]}<\/script>\n<!-- \/ Yoast SEO plugin. -->","yoast_head_json":{"title":"Avviso legale - Auto in miniatura, decalcomania : Fanou Decals","description":"Rally decalcomanie e miniature Fanou (parigi-dakar), circuiti, formula 1. Note legali. negozio online di modellini di auto","robots":{"index":"index","follow":"follow","max-snippet":"max-snippet:-1","max-image-preview":"max-image-preview:large","max-video-preview":"max-video-preview:-1"},"canonical":"https:\/\/fanou-decals.com\/mentions-legales\/","og_locale":"it_IT","og_type":"article","og_title":"Avviso legale - Auto in miniatura, decalcomania : Fanou Decals","og_description":"Rally decalcomanie e miniature Fanou (parigi-dakar), circuiti, formula 1. Note legali. negozio online di modellini di auto","og_url":"https:\/\/fanou-decals.com\/mentions-legales\/","og_site_name":"Auto in miniatura, decalcomania : Fanou Decals","article_modified_time":"2022-05-25T10:20:18+00:00","twitter_card":"summary_large_image","twitter_misc":{"Tempo di lettura stimato":"2 minuti"},"schema":{"@context":"https:\/\/schema.org","@graph":[{"@type":"WebPage","@id":"https:\/\/fanou-decals.com\/mentions-legales\/","url":"https:\/\/fanou-decals.com\/mentions-legales\/","name":"Avviso legale - Auto in miniatura, decalcomania : Fanou Decals","isPartOf":{"@id":"https:\/\/fanou-decals.com\/#website"},"datePublished":"2021-12-16T06:41:17+00:00","dateModified":"2022-05-25T10:20:18+00:00","description":"Rally decalcomanie e miniature Fanou (parigi-dakar), circuiti, formula 1. Note legali. negozio online di modellini di auto","breadcrumb":{"@id":"https:\/\/fanou-decals.com\/mentions-legales\/#breadcrumb"},"inLanguage":"it-IT","potentialAction":[{"@type":"ReadAction","target":["https:\/\/fanou-decals.com\/mentions-legales\/"]}]},{"@type":"BreadcrumbList","@id":"https:\/\/fanou-decals.com\/mentions-legales\/#breadcrumb","itemListElement":[{"@type":"ListItem","position":1,"name":"Fanou Decals","item":"https:\/\/fanou-decals.com\/"},{"@type":"ListItem","position":2,"name":"Mentions l\u00e9gales"}]},{"@type":"WebSite","@id":"https:\/\/fanou-decals.com\/#website","url":"https:\/\/fanou-decals.com\/","name":"Auto in miniatura, decalcomania : Fanou Decals","description":"Decal e auto in miniatura 1\/43, rally, 24 ore di Le Mans e F1","publisher":{"@id":"https:\/\/fanou-decals.com\/#organization"},"potentialAction":[{"@type":"SearchAction","target":{"@type":"EntryPoint","urlTemplate":"https:\/\/fanou-decals.com\/?s={search_term_string}"},"query-input":{"@type":"PropertyValueSpecification","valueRequired":true,"valueName":"search_term_string"}}],"inLanguage":"it-IT"},{"@type":"Organization","@id":"https:\/\/fanou-decals.com\/#organization","name":"Fanou Decals : miniatures et decals rallye, circuits, formule 1","url":"https:\/\/fanou-decals.com\/","logo":{"@type":"ImageObject","inLanguage":"it-IT","@id":"https:\/\/fanou-decals.com\/#\/schema\/logo\/image\/","url":"https:\/\/fanou-decals.com\/wp-content\/uploads\/2021\/12\/fanou-decals-logo.png","contentUrl":"https:\/\/fanou-decals.com\/wp-content\/uploads\/2021\/12\/fanou-decals-logo.png","width":350,"height":126,"caption":"Fanou Decals : miniatures et decals rallye, circuits, formule 1"},"image":{"@id":"https:\/\/fanou-decals.com\/#\/schema\/logo\/image\/"}}]}},"_links":{"self":[{"href":"https:\/\/fanou-decals.com\/it\/wp-json\/wp\/v2\/pages\/7260"}],"collection":[{"href":"https:\/\/fanou-decals.com\/it\/wp-json\/wp\/v2\/pages"}],"about":[{"href":"https:\/\/fanou-decals.com\/it\/wp-json\/wp\/v2\/types\/page"}],"author":[{"embeddable":true,"href":"https:\/\/fanou-decals.com\/it\/wp-json\/wp\/v2\/users\/1"}],"replies":[{"embeddable":true,"href":"https:\/\/fanou-decals.com\/it\/wp-json\/wp\/v2\/comments?post=7260"}],"version-history":[{"count":7,"href":"https:\/\/fanou-decals.com\/it\/wp-json\/wp\/v2\/pages\/7260\/revisions"}],"predecessor-version":[{"id":7939,"href":"https:\/\/fanou-decals.com\/it\/wp-json\/wp\/v2\/pages\/7260\/revisions\/7939"}],"wp:attachment":[{"href":"https:\/\/fanou-decals.com\/it\/wp-json\/wp\/v2\/media?parent=7260"}],"curies":[{"name":"wp","href":"https:\/\/api.w.org\/{rel}","templated":true}]}}