{"id":3,"date":"2021-12-06T09:41:06","date_gmt":"2021-12-06T08:41:06","guid":{"rendered":"https:\/\/fanou-decals.com\/?page_id=3"},"modified":"2022-05-25T12:20:26","modified_gmt":"2022-05-25T10:20:26","slug":"politique-de-confidentialite","status":"publish","type":"page","link":"https:\/\/fanou-decals.com\/it\/politique-de-confidentialite\/","title":{"rendered":"Politica sulla riservatezza"},"content":{"rendered":"<h2 class=\"wp-block-heading\">Qui sommes-nous\u00a0?<\/h2><p>L\u2019adresse de notre site est\u00a0: https:\/\/fanou-decals.com.<\/p><h2 class=\"wp-block-heading\">Informations sur le traitement des donn\u00e9es<\/h2><h3 class=\"wp-block-heading\">Objet du traitement<\/h3><p>Nous collectons ces donn\u00e9es afin de g\u00e9rer votre commande : le site internet permet de recevoir les commandes de nos clients et les donn\u00e9es collect\u00e9es \u00e0 cette occasion sont enregistr\u00e9es et trait\u00e9es dans une base de donn\u00e9es.<\/p><p>Cette base de donn\u00e9es permet de\u00a0:<\/p><ul class=\"wp-block-list\">\r\n<li>G\u00e9rer les commandes, le paiement et la livraison.<\/li>\r\n<li>Mener des op\u00e9rations de marketing (fid\u00e9lisation, promotions) et adresser des publicit\u00e9s par courriel aupr\u00e8s de nos clients qui ne s\u2019y sont pas oppos\u00e9s ou qui l\u2019ont accept\u00e9\u00a0:\r\n<ul>\r\n<li>Sur des produits analogues \u00e0 ceux qu\u2019ils ont command\u00e9s.<\/li>\r\n<li>Sur d\u2019autres produits propos\u00e9s par la soci\u00e9t\u00e9.<\/li>\r\n<\/ul>\r\n<\/li>\r\n<li>Transmettre les donn\u00e9es de nos clients qui l\u2019ont accept\u00e9 \u00e0 nos partenaires pour leur permettre le paiement en ligne.<\/li>\r\n<\/ul><h3 class=\"wp-block-heading\">Bases l\u00e9gales des traitements<\/h3><ul class=\"wp-block-list\">\r\n<li>Gestion des commandes\u00a0: la base l\u00e9gale du traitement est l\u2019ex\u00e9cution d\u2019un contrat (Cf. article 6.1.b) du R\u00e8glement europ\u00e9en sur la protection des donn\u00e9es).<\/li>\r\n<li>Envoi de sollicitations commerciales par courriel sur des produits analogues \u00e0 ceux command\u00e9s par les clients\u00a0: la base l\u00e9gale du traitement est l\u2019int\u00e9r\u00eat l\u00e9gitime de la soci\u00e9t\u00e9 (Cf. article 6.1.f) du R\u00e8glement europ\u00e9en sur la protection des donn\u00e9es), \u00e0 savoir promouvoir nos produits aupr\u00e8s de nos clients.<\/li>\r\n<li>Envoi de sollicitations commerciales par courriel sur d\u2019autres produits propos\u00e9s par la soci\u00e9t\u00e9 : la base l\u00e9gale du traitement est le consentement (Cf. article 6.1.a) du R\u00e8glement europ\u00e9en sur la protection des donn\u00e9es), comme l\u2019exige l\u2019article L. 34-5 du code des postes et des communications \u00e9lectroniques.<\/li>\r\n<li>Transmission de l\u2019adresse \u00e9lectronique aux partenaires commerciaux : la base l\u00e9gale du traitement est le consentement (Cf. article 6.1.a) du R\u00e8glement europ\u00e9en sur la protection des donn\u00e9es).<\/li>\r\n<li>Tenue de la comptabilit\u00e9 impliquant la conservation des donn\u00e9es pour une p\u00e9riode de 10 ans\u00a0: la base l\u00e9gale du traitement est l\u2019obligation l\u00e9gale (Cf. article 6.1.c du R\u00e8glement europ\u00e9en sur la protection des donn\u00e9es).<\/li>\r\n<\/ul><h3 class=\"wp-block-heading\">Cat\u00e9gories de donn\u00e9es<\/h3><ul class=\"wp-block-list\">\r\n<li>Identit\u00e9\u00a0: civilit\u00e9, nom, pr\u00e9nom, adresse, adresse de livraison, num\u00e9ro de t\u00e9l\u00e9phone, adresse \u00e9lectronique, date de naissance, code interne de traitement permettant l&#8217;identification du client, donn\u00e9es relatives \u00e0 l\u2019enregistrement sur des listes d\u2019opposition.<\/li>\r\n<li>Donn\u00e9es relatives aux commandes\u00a0: num\u00e9ro de la transaction, d\u00e9tail des achats, montant des achats, donn\u00e9es relatives au r\u00e8glement des factures (r\u00e8glements, impay\u00e9s, remises), retour de produits.<\/li>\r\n<li>Donn\u00e9es relatives aux moyens de paiement : num\u00e9ro de carte bancaire, date de fin de validit\u00e9 de la carte bancaire, cryptogramme visuel (lequel est imm\u00e9diatement effac\u00e9).<\/li>\r\n<li>Donn\u00e9es n\u00e9cessaires \u00e0 la r\u00e9alisation des actions de fid\u00e9lisation et de prospection\u00a0: historique des achats.<\/li>\r\n<\/ul><h3 class=\"wp-block-heading\">Destinataires des donn\u00e9es<\/h3><ul class=\"wp-block-list\">\r\n<li>Les services clients et facturation de la soci\u00e9t\u00e9 sont destinataires de l\u2019ensemble des cat\u00e9gories de donn\u00e9es.<\/li>\r\n<li>Ses sous-traitants, charg\u00e9s de la livraison de ses commandes, sont destinataires de l\u2019identit\u00e9, de l\u2019adresse et du num\u00e9ro de t\u00e9l\u00e9phone de nos clients.<\/li>\r\n<li>Les adresses \u00e9lectroniques des clients qui l\u2019ont accept\u00e9 sont transmises \u00e0 de nos partenaires\u00a0: PayPal pour le paiement, la Poste pour la livraison.<\/li>\r\n<\/ul><h3 class=\"wp-block-heading\">Dur\u00e9e de conservation des donn\u00e9es<\/h3><ul class=\"wp-block-list\">\r\n<li>Donn\u00e9es n\u00e9cessaires \u00e0 la gestion des commandes et \u00e0 la facturation : pendant toute la dur\u00e9e de la relation commerciale et dix (10) ans au titre des obligations comptables.<\/li>\r\n<li>Donn\u00e9es n\u00e9cessaires \u00e0 la r\u00e9alisation des actions de fid\u00e9lisation et \u00e0 la prospection\u00a0: pendant toute la dur\u00e9e de la relation commerciale et trois (3) ans \u00e0 compter du dernier achat.<\/li>\r\n<li>Donn\u00e9es relatives aux moyens de paiement : ces donn\u00e9es ne sont pas conserv\u00e9es par la soci\u00e9t\u00e9; elles ne sont pas collect\u00e9es lors de la transaction et sont transmises \u00e0 PayPal pour le r\u00e8glement de l\u2019achat.<\/li>\r\n<li>Donn\u00e9es concernant les listes d&#8217;opposition \u00e0 recevoir de la prospection<strong>\u00a0:<\/strong> trois (3) ans.<\/li>\r\n<\/ul><h3 class=\"wp-block-heading\">Vos droits<\/h3><p>Si vous ne souhaitez plus recevoir de publicit\u00e9 de la part de la soci\u00e9t\u00e9 (exercice du droit d\u2019opposition ou retrait d\u2019un consentement d\u00e9j\u00e0 donn\u00e9), <a href=\"https:\/\/fanou-decals.com\/contact\/\">contactez-nous<\/a>.<\/p><p>Si, apr\u00e8s avoir consenti \u00e0 ce que vos donn\u00e9es soient transmises \u00e0 nos partenaires, vous souhaitez revenir sur ce choix et ne plus recevoir publicit\u00e9 de leur part, <a href=\"https:\/\/fanou-decals.com\/contact\/\">contactez-nous<\/a>.<\/p><p>Vous pouvez acc\u00e9der aux donn\u00e9es vous concernant, les rectifier ou les faire effacer. Vous disposez \u00e9galement d&#8217;un droit \u00e0 la portabilit\u00e9 et d\u2019un droit \u00e0 la limitation du traitement de vos donn\u00e9es (Consultez le site\u00a0cnil.fr pour plus d\u2019informations sur vos droits).<\/p><p>Pour exercer ces droits ou pour toute question sur le traitement de vos donn\u00e9es dans ce dispositif, vous pouvez contacter notre DPO.<\/p><ul class=\"wp-block-list\">\r\n<li>Contacter notre DPO par voie \u00e9lectronique : <a href=\"mailto:%63%6f%6e%74%61%63%74@%66%61%6e%6f%75-%64%65%63%61%6c%73.%63%6f%6d\">contact@fanou-decals.com<\/a><\/li>\r\n<li>Contacter notre DPO par courrier postal :<\/li>\r\n<\/ul><pre class=\"wp-block-preformatted\">Fanou Decals, Les Placettes 82240 LAVAURETTE<\/pre><p>Si vous estimez, apr\u00e8s avoir contact\u00e9 la soci\u00e9t\u00e9 , que vos droits \u00ab\u00a0Informatique et Libert\u00e9s\u00a0\u00bb ne sont pas respect\u00e9s, vous pouvez adresser une r\u00e9clamation en ligne \u00e0 la CNIL.<\/p><h2 class=\"wp-block-heading\">Informations sur le fonctionnement du site internet<\/h2><h3 class=\"wp-block-heading\">Commentaires<\/h3><p>Quand vous laissez un commentaire sur notre site, les donn\u00e9es inscrites dans le formulaire de commentaire, mais aussi votre adresse IP et l\u2019agent utilisateur de votre navigateur sont collect\u00e9s pour nous aider \u00e0 la d\u00e9tection des commentaires ind\u00e9sirables.<\/p><p>Une cha\u00eene anonymis\u00e9e cr\u00e9\u00e9e \u00e0 partir de votre adresse e-mail (\u00e9galement appel\u00e9e hash) peut \u00eatre envoy\u00e9e au service Gravatar pour v\u00e9rifier si vous utilisez ce dernier. Les clauses de confidentialit\u00e9 du service Gravatar sont disponibles ici\u00a0: https:\/\/automattic.com\/privacy\/. Apr\u00e8s validation de votre commentaire, votre photo de profil sera visible publiquement \u00e0 cot\u00e9 de votre commentaire.<\/p><h3 class=\"wp-block-heading\">M\u00e9dias<\/h3><p>Si vous t\u00e9l\u00e9versez des images sur le site, nous vous conseillons d\u2019\u00e9viter de t\u00e9l\u00e9verser des images contenant des donn\u00e9es EXIF de coordonn\u00e9es GPS. Les personnes visitant votre site peuvent t\u00e9l\u00e9charger et extraire des donn\u00e9es de localisation depuis ces images.<\/p><h3 class=\"wp-block-heading\">Cookies<\/h3><p>Si vous d\u00e9posez un commentaire sur notre site, il vous sera propos\u00e9 d\u2019enregistrer votre nom, adresse e-mail et site dans des cookies. C\u2019est uniquement pour votre confort afin de ne pas avoir \u00e0 saisir ces informations si vous d\u00e9posez un autre commentaire plus tard. Ces cookies expirent au bout d\u2019un an.<\/p><p>Si vous vous rendez sur la page de connexion, un cookie temporaire sera cr\u00e9\u00e9 afin de d\u00e9terminer si votre navigateur accepte les cookies. Il ne contient pas de donn\u00e9es personnelles et sera supprim\u00e9 automatiquement \u00e0 la fermeture de votre navigateur.<\/p><p>Lorsque vous vous connecterez, nous mettrons en place un certain nombre de cookies pour enregistrer vos informations de connexion et vos pr\u00e9f\u00e9rences d\u2019\u00e9cran. La dur\u00e9e de vie d\u2019un cookie de connexion est de deux jours, celle d\u2019un cookie d\u2019option d\u2019\u00e9cran est d\u2019un an. Si vous cochez \u00ab\u00a0Se souvenir de moi\u00a0\u00bb, votre cookie de connexion sera conserv\u00e9 pendant deux semaines. Si vous vous d\u00e9connectez de votre compte, le cookie de connexion sera effac\u00e9.<\/p><p>En modifiant ou en publiant une publication, un cookie suppl\u00e9mentaire sera enregistr\u00e9 dans votre navigateur. Ce cookie ne comprend aucune donn\u00e9e personnelle. Il indique simplement l\u2019ID de la publication que vous venez de modifier. Il expire au bout d\u2019un jour.<\/p><h3 class=\"wp-block-heading\">Contenu embarqu\u00e9 depuis d\u2019autres sites<\/h3><p>Les articles de ce site peuvent inclure des contenus int\u00e9gr\u00e9s (par exemple des vid\u00e9os, images, articles\u2026). Le contenu int\u00e9gr\u00e9 depuis d\u2019autres sites se comporte de la m\u00eame mani\u00e8re que si le visiteur se rendait sur cet autre site.<\/p><p>Ces sites web pourraient collecter des donn\u00e9es sur vous, utiliser des cookies, embarquer des outils de suivis tiers, suivre vos interactions avec ces contenus embarqu\u00e9s si vous disposez d\u2019un compte connect\u00e9 sur leur site web.<\/p><h3 class=\"wp-block-heading\">R\u00e9initialisation de vos donn\u00e9es<\/h3><p>Si vous demandez une r\u00e9initialisation de votre mot de passe, votre adresse IP sera incluse dans l\u2019e-mail de r\u00e9initialisation.<\/p><h3 class=\"wp-block-heading\">Dur\u00e9es de stockage de vos donn\u00e9es<\/h3><p>Si vous laissez un commentaire, le commentaire et ses m\u00e9tadonn\u00e9es sont conserv\u00e9s ind\u00e9finiment. Cela permet de reconna\u00eetre et approuver automatiquement les commentaires suivants au lieu de les laisser dans la file de mod\u00e9ration.<\/p><p>Pour les comptes qui s\u2019inscrivent sur notre site (le cas \u00e9ch\u00e9ant), nous stockons \u00e9galement les donn\u00e9es personnelles indiqu\u00e9es dans leur profil. Tous les comptes peuvent voir, modifier ou supprimer leurs informations personnelles \u00e0 tout moment (\u00e0 l\u2019exception de leur identifiant). Les gestionnaires du site peuvent aussi voir et modifier ces informations.<\/p><h3 class=\"wp-block-heading\">Transmission de vos donn\u00e9es personnelles<\/h3><p>Les commentaires des visiteurs peuvent \u00eatre v\u00e9rifi\u00e9s \u00e0 l\u2019aide d\u2019un service automatis\u00e9 de d\u00e9tection des commentaires ind\u00e9sirables.<\/p><h3 class=\"wp-block-heading\">Les droits que vous avez sur vos donn\u00e9es<\/h3><p>Si vous avez un compte ou si vous avez laiss\u00e9 des commentaires sur le site, vous pouvez demander la suppression des donn\u00e9es personnelles vous concernant.<\/p>","protected":false},"excerpt":{"rendered":"<p>Qui sommes-nous\u00a0? L\u2019adresse de notre site est\u00a0: https:\/\/fanou-decals.com. Informations sur le traitement des donn\u00e9es Objet du traitement Nous collectons ces donn\u00e9es afin de g\u00e9rer votre commande : le site internet permet de recevoir les commandes de nos clients et les donn\u00e9es collect\u00e9es \u00e0 cette occasion sont enregistr\u00e9es et trait\u00e9es dans une base de donn\u00e9es. Cette [&hellip;]<\/p>\n","protected":false},"author":1,"featured_media":0,"parent":0,"menu_order":0,"comment_status":"closed","ping_status":"closed","template":"","meta":{"footnotes":""},"class_list":["post-3","page","type-page","status-publish","hentry","entry","owp-thumbs-layout-horizontal","owp-btn-normal","owp-tabs-layout-horizontal","has-no-thumbnails"],"translation":{"provider":"WPGlobus","version":"3.0.0","language":"it","enabled_languages":["fr","en","es","de","it"],"languages":{"fr":{"title":true,"content":true,"excerpt":false},"en":{"title":true,"content":false,"excerpt":false},"es":{"title":true,"content":false,"excerpt":false},"de":{"title":true,"content":false,"excerpt":false},"it":{"title":true,"content":false,"excerpt":false}}},"yoast_head":"<!-- This site is optimized with the Yoast SEO plugin v23.4 - https:\/\/yoast.com\/wordpress\/plugins\/seo\/ -->\n<title>Politica sulla riservatezza - Auto in miniatura, decalcomania : Fanou Decals<\/title>\n<meta name=\"description\" content=\"sito web di auto in miniatura 1\/43 1\/28 1\/14. Politica sulla riservatezza. Decalcomanie Fanou\" \/>\n<meta name=\"robots\" content=\"index, follow, max-snippet:-1, max-image-preview:large, max-video-preview:-1\" \/>\n<link rel=\"canonical\" href=\"https:\/\/fanou-decals.com\/politique-de-confidentialite\/\" \/>\n<meta property=\"og:locale\" content=\"it_IT\" \/>\n<meta property=\"og:type\" content=\"article\" \/>\n<meta property=\"og:title\" content=\"Politica sulla riservatezza - Auto in miniatura, decalcomania : Fanou Decals\" \/>\n<meta property=\"og:description\" content=\"sito web di auto in miniatura 1\/43 1\/28 1\/14. Politica sulla riservatezza. Decalcomanie Fanou\" \/>\n<meta property=\"og:url\" content=\"https:\/\/fanou-decals.com\/politique-de-confidentialite\/\" \/>\n<meta property=\"og:site_name\" content=\"Auto in miniatura, decalcomania : Fanou Decals\" \/>\n<meta property=\"article:modified_time\" content=\"2022-05-25T10:20:26+00:00\" \/>\n<meta name=\"twitter:card\" content=\"summary_large_image\" \/>\n<meta name=\"twitter:label1\" content=\"Tempo di lettura stimato\" \/>\n\t<meta name=\"twitter:data1\" content=\"6 minuti\" \/>\n<script type=\"application\/ld+json\" class=\"yoast-schema-graph\">{\"@context\":\"https:\/\/schema.org\",\"@graph\":[{\"@type\":\"WebPage\",\"@id\":\"https:\/\/fanou-decals.com\/politique-de-confidentialite\/\",\"url\":\"https:\/\/fanou-decals.com\/politique-de-confidentialite\/\",\"name\":\"Politica sulla riservatezza - Auto in miniatura, decalcomania : Fanou Decals\",\"isPartOf\":{\"@id\":\"https:\/\/fanou-decals.com\/#website\"},\"datePublished\":\"2021-12-06T08:41:06+00:00\",\"dateModified\":\"2022-05-25T10:20:26+00:00\",\"description\":\"sito web di auto in miniatura 1\/43 1\/28 1\/14. Politica sulla riservatezza. Decalcomanie Fanou\",\"breadcrumb\":{\"@id\":\"https:\/\/fanou-decals.com\/politique-de-confidentialite\/#breadcrumb\"},\"inLanguage\":\"it-IT\",\"potentialAction\":[{\"@type\":\"ReadAction\",\"target\":[\"https:\/\/fanou-decals.com\/politique-de-confidentialite\/\"]}]},{\"@type\":\"BreadcrumbList\",\"@id\":\"https:\/\/fanou-decals.com\/politique-de-confidentialite\/#breadcrumb\",\"itemListElement\":[{\"@type\":\"ListItem\",\"position\":1,\"name\":\"Fanou Decals\",\"item\":\"https:\/\/fanou-decals.com\/\"},{\"@type\":\"ListItem\",\"position\":2,\"name\":\"Politique de confidentialit\u00e9\"}]},{\"@type\":\"WebSite\",\"@id\":\"https:\/\/fanou-decals.com\/#website\",\"url\":\"https:\/\/fanou-decals.com\/\",\"name\":\"Auto in miniatura, decalcomania : Fanou Decals\",\"description\":\"Decal e auto in miniatura 1\/43, rally, 24 ore di Le Mans e F1\",\"publisher\":{\"@id\":\"https:\/\/fanou-decals.com\/#organization\"},\"potentialAction\":[{\"@type\":\"SearchAction\",\"target\":{\"@type\":\"EntryPoint\",\"urlTemplate\":\"https:\/\/fanou-decals.com\/?s={search_term_string}\"},\"query-input\":{\"@type\":\"PropertyValueSpecification\",\"valueRequired\":true,\"valueName\":\"search_term_string\"}}],\"inLanguage\":\"it-IT\"},{\"@type\":\"Organization\",\"@id\":\"https:\/\/fanou-decals.com\/#organization\",\"name\":\"Fanou Decals : miniatures et decals rallye, circuits, formule 1\",\"url\":\"https:\/\/fanou-decals.com\/\",\"logo\":{\"@type\":\"ImageObject\",\"inLanguage\":\"it-IT\",\"@id\":\"https:\/\/fanou-decals.com\/#\/schema\/logo\/image\/\",\"url\":\"https:\/\/fanou-decals.com\/wp-content\/uploads\/2021\/12\/fanou-decals-logo.png\",\"contentUrl\":\"https:\/\/fanou-decals.com\/wp-content\/uploads\/2021\/12\/fanou-decals-logo.png\",\"width\":350,\"height\":126,\"caption\":\"Fanou Decals : miniatures et decals rallye, circuits, formule 1\"},\"image\":{\"@id\":\"https:\/\/fanou-decals.com\/#\/schema\/logo\/image\/\"}}]}<\/script>\n<!-- \/ Yoast SEO plugin. -->","yoast_head_json":{"title":"Politica sulla riservatezza - Auto in miniatura, decalcomania : Fanou Decals","description":"sito web di auto in miniatura 1\/43 1\/28 1\/14. Politica sulla riservatezza. Decalcomanie Fanou","robots":{"index":"index","follow":"follow","max-snippet":"max-snippet:-1","max-image-preview":"max-image-preview:large","max-video-preview":"max-video-preview:-1"},"canonical":"https:\/\/fanou-decals.com\/politique-de-confidentialite\/","og_locale":"it_IT","og_type":"article","og_title":"Politica sulla riservatezza - Auto in miniatura, decalcomania : Fanou Decals","og_description":"sito web di auto in miniatura 1\/43 1\/28 1\/14. Politica sulla riservatezza. Decalcomanie Fanou","og_url":"https:\/\/fanou-decals.com\/politique-de-confidentialite\/","og_site_name":"Auto in miniatura, decalcomania : Fanou Decals","article_modified_time":"2022-05-25T10:20:26+00:00","twitter_card":"summary_large_image","twitter_misc":{"Tempo di lettura stimato":"6 minuti"},"schema":{"@context":"https:\/\/schema.org","@graph":[{"@type":"WebPage","@id":"https:\/\/fanou-decals.com\/politique-de-confidentialite\/","url":"https:\/\/fanou-decals.com\/politique-de-confidentialite\/","name":"Politica sulla riservatezza - Auto in miniatura, decalcomania : Fanou Decals","isPartOf":{"@id":"https:\/\/fanou-decals.com\/#website"},"datePublished":"2021-12-06T08:41:06+00:00","dateModified":"2022-05-25T10:20:26+00:00","description":"sito web di auto in miniatura 1\/43 1\/28 1\/14. Politica sulla riservatezza. Decalcomanie Fanou","breadcrumb":{"@id":"https:\/\/fanou-decals.com\/politique-de-confidentialite\/#breadcrumb"},"inLanguage":"it-IT","potentialAction":[{"@type":"ReadAction","target":["https:\/\/fanou-decals.com\/politique-de-confidentialite\/"]}]},{"@type":"BreadcrumbList","@id":"https:\/\/fanou-decals.com\/politique-de-confidentialite\/#breadcrumb","itemListElement":[{"@type":"ListItem","position":1,"name":"Fanou Decals","item":"https:\/\/fanou-decals.com\/"},{"@type":"ListItem","position":2,"name":"Politique de confidentialit\u00e9"}]},{"@type":"WebSite","@id":"https:\/\/fanou-decals.com\/#website","url":"https:\/\/fanou-decals.com\/","name":"Auto in miniatura, decalcomania : Fanou Decals","description":"Decal e auto in miniatura 1\/43, rally, 24 ore di Le Mans e F1","publisher":{"@id":"https:\/\/fanou-decals.com\/#organization"},"potentialAction":[{"@type":"SearchAction","target":{"@type":"EntryPoint","urlTemplate":"https:\/\/fanou-decals.com\/?s={search_term_string}"},"query-input":{"@type":"PropertyValueSpecification","valueRequired":true,"valueName":"search_term_string"}}],"inLanguage":"it-IT"},{"@type":"Organization","@id":"https:\/\/fanou-decals.com\/#organization","name":"Fanou Decals : miniatures et decals rallye, circuits, formule 1","url":"https:\/\/fanou-decals.com\/","logo":{"@type":"ImageObject","inLanguage":"it-IT","@id":"https:\/\/fanou-decals.com\/#\/schema\/logo\/image\/","url":"https:\/\/fanou-decals.com\/wp-content\/uploads\/2021\/12\/fanou-decals-logo.png","contentUrl":"https:\/\/fanou-decals.com\/wp-content\/uploads\/2021\/12\/fanou-decals-logo.png","width":350,"height":126,"caption":"Fanou Decals : miniatures et decals rallye, circuits, formule 1"},"image":{"@id":"https:\/\/fanou-decals.com\/#\/schema\/logo\/image\/"}}]}},"_links":{"self":[{"href":"https:\/\/fanou-decals.com\/it\/wp-json\/wp\/v2\/pages\/3"}],"collection":[{"href":"https:\/\/fanou-decals.com\/it\/wp-json\/wp\/v2\/pages"}],"about":[{"href":"https:\/\/fanou-decals.com\/it\/wp-json\/wp\/v2\/types\/page"}],"author":[{"embeddable":true,"href":"https:\/\/fanou-decals.com\/it\/wp-json\/wp\/v2\/users\/1"}],"replies":[{"embeddable":true,"href":"https:\/\/fanou-decals.com\/it\/wp-json\/wp\/v2\/comments?post=3"}],"version-history":[{"count":5,"href":"https:\/\/fanou-decals.com\/it\/wp-json\/wp\/v2\/pages\/3\/revisions"}],"predecessor-version":[{"id":7960,"href":"https:\/\/fanou-decals.com\/it\/wp-json\/wp\/v2\/pages\/3\/revisions\/7960"}],"wp:attachment":[{"href":"https:\/\/fanou-decals.com\/it\/wp-json\/wp\/v2\/media?parent=3"}],"curies":[{"name":"wp","href":"https:\/\/api.w.org\/{rel}","templated":true}]}}