{"id":173,"date":"2016-10-18T10:50:25","date_gmt":"2016-10-18T08:50:25","guid":{"rendered":"https:\/\/fanou-decals.com\/polski-fiat-125-p-n-52\/"},"modified":"2023-10-29T12:47:26","modified_gmt":"2023-10-29T11:47:26","slug":"polski-fiat-125-p-n-52","status":"publish","type":"product","link":"https:\/\/fanou-decals.com\/es\/polski-fiat-125-p-n-52\/","title":{"rendered":"POLSKI FIAT 125 P n\u00b0 52 MONTE CARLO 1972 TRANSKIT 1\/43e ARENA"},"content":{"rendered":"<h2 align=\"center\" style=\"text-align:center;\"><strong>TRANSKIT\u00a0\u00a01\/43e<\/strong><\/h2>\n<h2 align=\"center\" style=\"text-align:center;\"><strong>POLSKI\u00a0 FIAT\u00a0 125 P<\/strong><\/h2>\n<h2 align=\"center\" style=\"text-align:center;\"><strong>n\u00b0 52<\/strong><\/h2>\n<h2 align=\"center\" style=\"text-align:center;\"><strong>RALLYE\u00a0\u00a0MONTE\u00a0 CARLO \u00a01972<\/strong><\/h2>\n<h2 align=\"center\" style=\"text-align:center;\"><strong>JAROSEWICZ, MUCHA<\/strong><\/h2>\n<h2 align=\"center\" style=\"text-align:center;\"><strong>marque\u00a0\u00a0ARENA\u00a0 Ref\u00a0 TK 49<\/strong><\/h2>\n<h2 align=\"center\" style=\"text-align:center;\"><strong>avec pi\u00e8ces photod\u00e9coupe et m\u00e9tal<\/strong><\/h2>\n<h2 align=\"center\" style=\"text-align:center;\"><strong>d\u00e9cal en s\u00e9rigraphie<\/strong><\/h2>\n","protected":false},"excerpt":{"rendered":"<div>\n<h1 class=\"it-ttl\" id=\"itemTitle\">POLSKI FIAT 125 P n\u00b0 52<\/h1>\n<\/p><\/div>\n","protected":false},"featured_media":172,"template":"","meta":[],"pwb-brand":[23],"product_cat":[96],"product_tag":[163,169,244,245,243,242,162,184],"class_list":{"0":"post-173","1":"product","2":"type-product","3":"status-publish","4":"has-post-thumbnail","6":"pwb-brand-arena-modelli","7":"product_cat-rallye","8":"product_tag-arena","9":"product_tag-decal","10":"product_tag-jarosewicz","11":"product_tag-mucha","12":"product_tag-polski-fiat","13":"product_tag-rallye-monte-carlo","14":"product_tag-serigraphie","15":"product_tag-transkit","17":"entry","18":"has-media","20":"first","21":"outofstock","22":"shipping-taxable","23":"purchasable","24":"product-type-simple","25":"col","26":"span_1_of_3","27":"owp-content-center","28":"owp-thumbs-layout-horizontal","29":"owp-btn-normal","30":"owp-tabs-layout-horizontal","31":"has-no-thumbnails"},"translation":{"provider":"WPGlobus","version":"3.0.0","language":"es","enabled_languages":["fr","en","es","de","it"],"languages":{"fr":{"title":true,"content":true,"excerpt":true},"en":{"title":false,"content":false,"excerpt":false},"es":{"title":false,"content":false,"excerpt":false},"de":{"title":false,"content":false,"excerpt":false},"it":{"title":false,"content":false,"excerpt":false}}},"yoast_head":"<!-- This site is optimized with the Yoast SEO plugin v23.4 - https:\/\/yoast.com\/wordpress\/plugins\/seo\/ -->\n<title>POLSKI FIAT 125 P n\u00b0 52 MONTE CARLO 1972 TRANSKIT 1\/43e ARENA<\/title>\n<meta name=\"description\" content=\"POLSKI FIAT 125 P n\u00b0 52 - Calcoman\u00edas miniaturas de Rally Fanou Decals\" \/>\n<meta name=\"robots\" content=\"index, follow, max-snippet:-1, max-image-preview:large, max-video-preview:-1\" \/>\n<link rel=\"canonical\" href=\"https:\/\/fanou-decals.com\/polski-fiat-125-p-n-52\/\" \/>\n<meta property=\"og:locale\" content=\"es_ES\" \/>\n<meta property=\"og:type\" content=\"article\" \/>\n<meta property=\"og:title\" content=\"POLSKI FIAT 125 P n\u00b0 52 MONTE CARLO 1972 TRANSKIT 1\/43e ARENA\" \/>\n<meta property=\"og:description\" content=\"POLSKI FIAT 125 P n\u00b0 52 - Calcoman\u00edas miniaturas de Rally Fanou Decals\" \/>\n<meta property=\"og:url\" content=\"https:\/\/fanou-decals.com\/polski-fiat-125-p-n-52\/\" \/>\n<meta property=\"og:site_name\" content=\"Coche en miniatura, calcoman\u00eda : Fanou Decals\" \/>\n<meta property=\"article:modified_time\" content=\"2023-10-29T11:47:26+00:00\" \/>\n<meta property=\"og:image\" content=\"https:\/\/fanou-decals.com\/wp-content\/uploads\/2016\/10\/48-POLSKI-FIAT-125-P-n\u00b0-52-MONTE-CARLO-1972-TRANSKIT-143e-ARENA.jpg\" \/>\n\t<meta property=\"og:image:width\" content=\"716\" \/>\n\t<meta property=\"og:image:height\" content=\"1024\" \/>\n\t<meta property=\"og:image:type\" content=\"image\/jpeg\" \/>\n<meta name=\"twitter:card\" content=\"summary_large_image\" \/>\n<script type=\"application\/ld+json\" class=\"yoast-schema-graph\">{\"@context\":\"https:\/\/schema.org\",\"@graph\":[{\"@type\":\"WebPage\",\"@id\":\"https:\/\/fanou-decals.com\/polski-fiat-125-p-n-52\/\",\"url\":\"https:\/\/fanou-decals.com\/polski-fiat-125-p-n-52\/\",\"name\":\"POLSKI FIAT 125 P n\u00b0 52 MONTE CARLO 1972 TRANSKIT 1\/43e ARENA\",\"isPartOf\":{\"@id\":\"https:\/\/fanou-decals.com\/#website\"},\"primaryImageOfPage\":{\"@id\":\"https:\/\/fanou-decals.com\/polski-fiat-125-p-n-52\/#primaryimage\"},\"image\":{\"@id\":\"https:\/\/fanou-decals.com\/polski-fiat-125-p-n-52\/#primaryimage\"},\"thumbnailUrl\":\"https:\/\/fanou-decals.com\/wp-content\/uploads\/2016\/10\/48-POLSKI-FIAT-125-P-n\u00b0-52-MONTE-CARLO-1972-TRANSKIT-143e-ARENA.jpg\",\"datePublished\":\"2016-10-18T08:50:25+00:00\",\"dateModified\":\"2023-10-29T11:47:26+00:00\",\"description\":\"POLSKI FIAT 125 P n\u00b0 52 - Calcoman\u00edas miniaturas de Rally Fanou Decals\",\"breadcrumb\":{\"@id\":\"https:\/\/fanou-decals.com\/polski-fiat-125-p-n-52\/#breadcrumb\"},\"inLanguage\":\"es\",\"potentialAction\":[{\"@type\":\"ReadAction\",\"target\":[\"https:\/\/fanou-decals.com\/polski-fiat-125-p-n-52\/\"]}]},{\"@type\":\"ImageObject\",\"inLanguage\":\"es\",\"@id\":\"https:\/\/fanou-decals.com\/polski-fiat-125-p-n-52\/#primaryimage\",\"url\":\"https:\/\/fanou-decals.com\/wp-content\/uploads\/2016\/10\/48-POLSKI-FIAT-125-P-n\u00b0-52-MONTE-CARLO-1972-TRANSKIT-143e-ARENA.jpg\",\"contentUrl\":\"https:\/\/fanou-decals.com\/wp-content\/uploads\/2016\/10\/48-POLSKI-FIAT-125-P-n\u00b0-52-MONTE-CARLO-1972-TRANSKIT-143e-ARENA.jpg\",\"width\":716,\"height\":1024,\"caption\":\"POLSKI FIAT 125 P n\u00b0 52 MONTE CARLO 1972 TRANSKIT 1\/43e ARENA\"},{\"@type\":\"BreadcrumbList\",\"@id\":\"https:\/\/fanou-decals.com\/polski-fiat-125-p-n-52\/#breadcrumb\",\"itemListElement\":[{\"@type\":\"ListItem\",\"position\":1,\"name\":\"Fanou Decals\",\"item\":\"https:\/\/fanou-decals.com\/\"},{\"@type\":\"ListItem\",\"position\":2,\"name\":\"Decals et v\u00e9hicules miniatures\",\"item\":\"https:\/\/fanou-decals.com\/boutique\/\"},{\"@type\":\"ListItem\",\"position\":3,\"name\":\"Decals rallye et voitures de rallye miniatures\",\"item\":\"https:\/\/fanou-decals.com\/rallye\/\"},{\"@type\":\"ListItem\",\"position\":4,\"name\":\"POLSKI FIAT 125 P n\u00b0 52 MONTE CARLO 1972 TRANSKIT 1\/43e ARENA\"}]},{\"@type\":\"WebSite\",\"@id\":\"https:\/\/fanou-decals.com\/#website\",\"url\":\"https:\/\/fanou-decals.com\/\",\"name\":\"Coche en miniatura, calcoman\u00eda : Fanou Decals\",\"description\":\"Calca y miniatura coche 1\/43 rally 24 horas de Le Mans y F1\",\"publisher\":{\"@id\":\"https:\/\/fanou-decals.com\/#organization\"},\"potentialAction\":[{\"@type\":\"SearchAction\",\"target\":{\"@type\":\"EntryPoint\",\"urlTemplate\":\"https:\/\/fanou-decals.com\/?s={search_term_string}\"},\"query-input\":{\"@type\":\"PropertyValueSpecification\",\"valueRequired\":true,\"valueName\":\"search_term_string\"}}],\"inLanguage\":\"es\"},{\"@type\":\"Organization\",\"@id\":\"https:\/\/fanou-decals.com\/#organization\",\"name\":\"Fanou Decals : miniatures et decals rallye, circuits, formule 1\",\"url\":\"https:\/\/fanou-decals.com\/\",\"logo\":{\"@type\":\"ImageObject\",\"inLanguage\":\"es\",\"@id\":\"https:\/\/fanou-decals.com\/#\/schema\/logo\/image\/\",\"url\":\"https:\/\/fanou-decals.com\/wp-content\/uploads\/2021\/12\/fanou-decals-logo.png\",\"contentUrl\":\"https:\/\/fanou-decals.com\/wp-content\/uploads\/2021\/12\/fanou-decals-logo.png\",\"width\":350,\"height\":126,\"caption\":\"Fanou Decals : miniatures et decals rallye, circuits, formule 1\"},\"image\":{\"@id\":\"https:\/\/fanou-decals.com\/#\/schema\/logo\/image\/\"}}]}<\/script>\n<!-- \/ Yoast SEO plugin. -->","yoast_head_json":{"title":"POLSKI FIAT 125 P n\u00b0 52 MONTE CARLO 1972 TRANSKIT 1\/43e ARENA","description":"POLSKI FIAT 125 P n\u00b0 52 - Calcoman\u00edas miniaturas de Rally Fanou Decals","robots":{"index":"index","follow":"follow","max-snippet":"max-snippet:-1","max-image-preview":"max-image-preview:large","max-video-preview":"max-video-preview:-1"},"canonical":"https:\/\/fanou-decals.com\/polski-fiat-125-p-n-52\/","og_locale":"es_ES","og_type":"article","og_title":"POLSKI FIAT 125 P n\u00b0 52 MONTE CARLO 1972 TRANSKIT 1\/43e ARENA","og_description":"POLSKI FIAT 125 P n\u00b0 52 - Calcoman\u00edas miniaturas de Rally Fanou Decals","og_url":"https:\/\/fanou-decals.com\/polski-fiat-125-p-n-52\/","og_site_name":"Coche en miniatura, calcoman\u00eda : Fanou Decals","article_modified_time":"2023-10-29T11:47:26+00:00","og_image":[{"width":716,"height":1024,"url":"https:\/\/fanou-decals.com\/wp-content\/uploads\/2016\/10\/48-POLSKI-FIAT-125-P-n\u00b0-52-MONTE-CARLO-1972-TRANSKIT-143e-ARENA.jpg","type":"image\/jpeg"}],"twitter_card":"summary_large_image","schema":{"@context":"https:\/\/schema.org","@graph":[{"@type":"WebPage","@id":"https:\/\/fanou-decals.com\/polski-fiat-125-p-n-52\/","url":"https:\/\/fanou-decals.com\/polski-fiat-125-p-n-52\/","name":"POLSKI FIAT 125 P n\u00b0 52 MONTE CARLO 1972 TRANSKIT 1\/43e ARENA","isPartOf":{"@id":"https:\/\/fanou-decals.com\/#website"},"primaryImageOfPage":{"@id":"https:\/\/fanou-decals.com\/polski-fiat-125-p-n-52\/#primaryimage"},"image":{"@id":"https:\/\/fanou-decals.com\/polski-fiat-125-p-n-52\/#primaryimage"},"thumbnailUrl":"https:\/\/fanou-decals.com\/wp-content\/uploads\/2016\/10\/48-POLSKI-FIAT-125-P-n\u00b0-52-MONTE-CARLO-1972-TRANSKIT-143e-ARENA.jpg","datePublished":"2016-10-18T08:50:25+00:00","dateModified":"2023-10-29T11:47:26+00:00","description":"POLSKI FIAT 125 P n\u00b0 52 - Calcoman\u00edas miniaturas de Rally Fanou Decals","breadcrumb":{"@id":"https:\/\/fanou-decals.com\/polski-fiat-125-p-n-52\/#breadcrumb"},"inLanguage":"es","potentialAction":[{"@type":"ReadAction","target":["https:\/\/fanou-decals.com\/polski-fiat-125-p-n-52\/"]}]},{"@type":"ImageObject","inLanguage":"es","@id":"https:\/\/fanou-decals.com\/polski-fiat-125-p-n-52\/#primaryimage","url":"https:\/\/fanou-decals.com\/wp-content\/uploads\/2016\/10\/48-POLSKI-FIAT-125-P-n\u00b0-52-MONTE-CARLO-1972-TRANSKIT-143e-ARENA.jpg","contentUrl":"https:\/\/fanou-decals.com\/wp-content\/uploads\/2016\/10\/48-POLSKI-FIAT-125-P-n\u00b0-52-MONTE-CARLO-1972-TRANSKIT-143e-ARENA.jpg","width":716,"height":1024,"caption":"POLSKI FIAT 125 P n\u00b0 52 MONTE CARLO 1972 TRANSKIT 1\/43e ARENA"},{"@type":"BreadcrumbList","@id":"https:\/\/fanou-decals.com\/polski-fiat-125-p-n-52\/#breadcrumb","itemListElement":[{"@type":"ListItem","position":1,"name":"Fanou Decals","item":"https:\/\/fanou-decals.com\/"},{"@type":"ListItem","position":2,"name":"Decals et v\u00e9hicules miniatures","item":"https:\/\/fanou-decals.com\/boutique\/"},{"@type":"ListItem","position":3,"name":"Decals rallye et voitures de rallye miniatures","item":"https:\/\/fanou-decals.com\/rallye\/"},{"@type":"ListItem","position":4,"name":"POLSKI FIAT 125 P n\u00b0 52 MONTE CARLO 1972 TRANSKIT 1\/43e ARENA"}]},{"@type":"WebSite","@id":"https:\/\/fanou-decals.com\/#website","url":"https:\/\/fanou-decals.com\/","name":"Coche en miniatura, calcoman\u00eda : Fanou Decals","description":"Calca y miniatura coche 1\/43 rally 24 horas de Le Mans y F1","publisher":{"@id":"https:\/\/fanou-decals.com\/#organization"},"potentialAction":[{"@type":"SearchAction","target":{"@type":"EntryPoint","urlTemplate":"https:\/\/fanou-decals.com\/?s={search_term_string}"},"query-input":{"@type":"PropertyValueSpecification","valueRequired":true,"valueName":"search_term_string"}}],"inLanguage":"es"},{"@type":"Organization","@id":"https:\/\/fanou-decals.com\/#organization","name":"Fanou Decals : miniatures et decals rallye, circuits, formule 1","url":"https:\/\/fanou-decals.com\/","logo":{"@type":"ImageObject","inLanguage":"es","@id":"https:\/\/fanou-decals.com\/#\/schema\/logo\/image\/","url":"https:\/\/fanou-decals.com\/wp-content\/uploads\/2021\/12\/fanou-decals-logo.png","contentUrl":"https:\/\/fanou-decals.com\/wp-content\/uploads\/2021\/12\/fanou-decals-logo.png","width":350,"height":126,"caption":"Fanou Decals : miniatures et decals rallye, circuits, formule 1"},"image":{"@id":"https:\/\/fanou-decals.com\/#\/schema\/logo\/image\/"}}]}},"brands":[{"id":23,"name":"ARENA MODELLI","slug":"arena-modelli"}],"_links":{"self":[{"href":"https:\/\/fanou-decals.com\/es\/wp-json\/wp\/v2\/product\/173"}],"collection":[{"href":"https:\/\/fanou-decals.com\/es\/wp-json\/wp\/v2\/product"}],"about":[{"href":"https:\/\/fanou-decals.com\/es\/wp-json\/wp\/v2\/types\/product"}],"wp:featuredmedia":[{"embeddable":true,"href":"https:\/\/fanou-decals.com\/es\/wp-json\/wp\/v2\/media\/172"}],"wp:attachment":[{"href":"https:\/\/fanou-decals.com\/es\/wp-json\/wp\/v2\/media?parent=173"}],"wp:term":[{"taxonomy":"pwb-brand","embeddable":true,"href":"https:\/\/fanou-decals.com\/es\/wp-json\/wp\/v2\/pwb-brand?post=173"},{"taxonomy":"product_cat","embeddable":true,"href":"https:\/\/fanou-decals.com\/es\/wp-json\/wp\/v2\/product_cat?post=173"},{"taxonomy":"product_tag","embeddable":true,"href":"https:\/\/fanou-decals.com\/es\/wp-json\/wp\/v2\/product_tag?post=173"}],"curies":[{"name":"wp","href":"https:\/\/api.w.org\/{rel}","templated":true}]}}