{"id":7269,"date":"2021-12-16T07:44:34","date_gmt":"2021-12-16T06:44:34","guid":{"rendered":"https:\/\/fanou-decals.com\/?page_id=7269"},"modified":"2022-06-08T07:36:20","modified_gmt":"2022-06-08T05:36:20","slug":"paiment-securise","status":"publish","type":"page","link":"https:\/\/fanou-decals.com\/es\/paiment-securise\/","title":{"rendered":"Pagos seguros"},"content":{"rendered":"<div class=\"entry-content\">\n<div class=\"span4\">\n<h2 class=\"image-wrapper\"><img decoding=\"async\" class=\"panel-img\" src=\"https:\/\/www.paypalobjects.com\/webstatic\/mktg\/icon\/secure_paypal.gif\" alt=\"\" \/>\u00a0C\u2019est s\u00e9curis\u00e9<\/h2>\n<p class=\"contentPara\">En tant qu\u2019\u00e9tablissement bancaire au sein de l\u2019Union Europ\u00e9enne, PayPal vous offre plus de 10 ans d\u2019exp\u00e9rience dans les paiements s\u00e9curis\u00e9s en ligne.<\/p>\n<p><img loading=\"lazy\" decoding=\"async\" class=\"size-medium wp-image-7730 aligncenter\" src=\"https:\/\/fanou-decals.com\/wp-content\/uploads\/2022\/03\/paiement-paypal-300x114.png\" alt=\"\" width=\"300\" height=\"114\" srcset=\"https:\/\/fanou-decals.com\/wp-content\/uploads\/2022\/03\/paiement-paypal-300x114.png 300w, https:\/\/fanou-decals.com\/wp-content\/uploads\/2022\/03\/paiement-paypal.png 307w\" sizes=\"(max-width: 300px) 100vw, 300px\" \/><\/p>\n<\/div>\n<div class=\"span4\">\n<h2 class=\"image-wrapper\"><img decoding=\"async\" class=\"panel-img\" src=\"https:\/\/www.paypalobjects.com\/webstatic\/mktg\/icon\/tarjeta_paypal.gif\" alt=\"\" \/>\u00a0C\u2019est simple et rapide<\/h2>\n<p class=\"contentPara\">Plus besoin de saisir les 16 chiffres de votre carte bancaire \u00e0 chaque fois que vous faites un achat en ligne. Utilisez simplement vos identifiants PayPal : email et mot de passe. Vos transactions sont instantan\u00e9es.<\/p>\n<p>&nbsp;<\/p>\n<\/div>\n<div class=\"span4\">\n<h2 class=\"image-wrapper\"><img decoding=\"async\" class=\"panel-img\" src=\"https:\/\/www.paypalobjects.com\/webstatic\/mktg\/icon\/click_paypal.gif\" alt=\"\" \/>\u00a0C\u2019est gratuit<\/h2>\n<p class=\"contentPara\">R\u00e9gler vos achats en ligne avec PayPal ne vous co\u00fbte pas plus cher qu\u2019avec votre carte bancaire, et c\u2019est gratuit pour vos achats en euros dans l\u2019Espace \u00e9conomique europ\u00e9en. Vous pouvez aussi envoyer gratuitement de l\u2019argent en euros \u00e0 tous vos proches en France et dans l\u2019Espace \u00e9conomique europ\u00e9en.<\/p>\n<\/div>\n<\/div>\n","protected":false},"excerpt":{"rendered":"<p>\u00a0C\u2019est s\u00e9curis\u00e9 En tant qu\u2019\u00e9tablissement bancaire au sein de l\u2019Union Europ\u00e9enne, PayPal vous offre plus de 10 ans d\u2019exp\u00e9rience dans les paiements s\u00e9curis\u00e9s en ligne. \u00a0C\u2019est simple et rapide Plus besoin de saisir les 16 chiffres de votre carte bancaire \u00e0 chaque fois que vous faites un achat en ligne. Utilisez simplement vos identifiants PayPal [&hellip;]<\/p>\n","protected":false},"author":1,"featured_media":0,"parent":0,"menu_order":0,"comment_status":"closed","ping_status":"closed","template":"","meta":{"footnotes":""},"class_list":["post-7269","page","type-page","status-publish","hentry","entry","owp-thumbs-layout-horizontal","owp-btn-normal","owp-tabs-layout-horizontal","has-no-thumbnails"],"translation":{"provider":"WPGlobus","version":"3.0.0","language":"es","enabled_languages":["fr","en","es","de","it"],"languages":{"fr":{"title":true,"content":true,"excerpt":false},"en":{"title":true,"content":false,"excerpt":false},"es":{"title":true,"content":false,"excerpt":false},"de":{"title":true,"content":false,"excerpt":false},"it":{"title":true,"content":false,"excerpt":false}}},"yoast_head":"<!-- This site is optimized with the Yoast SEO plugin v23.4 - https:\/\/yoast.com\/wordpress\/plugins\/seo\/ -->\n<title>Pagos seguros - Coche en miniatura, calcoman\u00eda : Fanou Decals<\/title>\n<meta name=\"description\" content=\"Pagos seguros compra coche en miniatura. Calcoman\u00edas Fanou\" \/>\n<meta name=\"robots\" content=\"index, follow, max-snippet:-1, max-image-preview:large, max-video-preview:-1\" \/>\n<link rel=\"canonical\" href=\"https:\/\/fanou-decals.com\/paiment-securise\/\" \/>\n<meta property=\"og:locale\" content=\"es_ES\" \/>\n<meta property=\"og:type\" content=\"article\" \/>\n<meta property=\"og:title\" content=\"Pagos seguros - Coche en miniatura, calcoman\u00eda : Fanou Decals\" \/>\n<meta property=\"og:description\" content=\"Pagos seguros compra coche en miniatura. Calcoman\u00edas Fanou\" \/>\n<meta property=\"og:url\" content=\"https:\/\/fanou-decals.com\/paiment-securise\/\" \/>\n<meta property=\"og:site_name\" content=\"Coche en miniatura, calcoman\u00eda : Fanou Decals\" \/>\n<meta property=\"article:modified_time\" content=\"2022-06-08T05:36:20+00:00\" \/>\n<meta property=\"og:image\" content=\"https:\/\/www.paypalobjects.com\/webstatic\/mktg\/icon\/secure_paypal.gif\" \/>\n<meta name=\"twitter:card\" content=\"summary_large_image\" \/>\n<meta name=\"twitter:label1\" content=\"Tiempo de lectura\" \/>\n\t<meta name=\"twitter:data1\" content=\"2 minutos\" \/>\n<script type=\"application\/ld+json\" class=\"yoast-schema-graph\">{\"@context\":\"https:\/\/schema.org\",\"@graph\":[{\"@type\":\"WebPage\",\"@id\":\"https:\/\/fanou-decals.com\/paiment-securise\/\",\"url\":\"https:\/\/fanou-decals.com\/paiment-securise\/\",\"name\":\"Pagos seguros - Coche en miniatura, calcoman\u00eda : Fanou Decals\",\"isPartOf\":{\"@id\":\"https:\/\/fanou-decals.com\/#website\"},\"primaryImageOfPage\":{\"@id\":\"https:\/\/fanou-decals.com\/paiment-securise\/#primaryimage\"},\"image\":{\"@id\":\"https:\/\/fanou-decals.com\/paiment-securise\/#primaryimage\"},\"thumbnailUrl\":\"https:\/\/www.paypalobjects.com\/webstatic\/mktg\/icon\/secure_paypal.gif\",\"datePublished\":\"2021-12-16T06:44:34+00:00\",\"dateModified\":\"2022-06-08T05:36:20+00:00\",\"description\":\"Paiments s\u00e9curis\u00e9s achat voiture miniature. Fanou Decals\",\"breadcrumb\":{\"@id\":\"https:\/\/fanou-decals.com\/paiment-securise\/#breadcrumb\"},\"inLanguage\":\"es\",\"potentialAction\":[{\"@type\":\"ReadAction\",\"target\":[\"https:\/\/fanou-decals.com\/paiment-securise\/\"]}]},{\"@type\":\"ImageObject\",\"inLanguage\":\"es\",\"@id\":\"https:\/\/fanou-decals.com\/paiment-securise\/#primaryimage\",\"url\":\"https:\/\/www.paypalobjects.com\/webstatic\/mktg\/icon\/secure_paypal.gif\",\"contentUrl\":\"https:\/\/www.paypalobjects.com\/webstatic\/mktg\/icon\/secure_paypal.gif\"},{\"@type\":\"BreadcrumbList\",\"@id\":\"https:\/\/fanou-decals.com\/paiment-securise\/#breadcrumb\",\"itemListElement\":[{\"@type\":\"ListItem\",\"position\":1,\"name\":\"Fanou Decals\",\"item\":\"https:\/\/fanou-decals.com\/\"},{\"@type\":\"ListItem\",\"position\":2,\"name\":\"Paiements s\u00e9curis\u00e9s\"}]},{\"@type\":\"WebSite\",\"@id\":\"https:\/\/fanou-decals.com\/#website\",\"url\":\"https:\/\/fanou-decals.com\/\",\"name\":\"Coche en miniatura, calcoman\u00eda : Fanou Decals\",\"description\":\"Calca y miniatura coche 1\/43 rally 24 horas de Le Mans y F1\",\"publisher\":{\"@id\":\"https:\/\/fanou-decals.com\/#organization\"},\"potentialAction\":[{\"@type\":\"SearchAction\",\"target\":{\"@type\":\"EntryPoint\",\"urlTemplate\":\"https:\/\/fanou-decals.com\/?s={search_term_string}\"},\"query-input\":{\"@type\":\"PropertyValueSpecification\",\"valueRequired\":true,\"valueName\":\"search_term_string\"}}],\"inLanguage\":\"es\"},{\"@type\":\"Organization\",\"@id\":\"https:\/\/fanou-decals.com\/#organization\",\"name\":\"Fanou Decals : miniatures et decals rallye, circuits, formule 1\",\"url\":\"https:\/\/fanou-decals.com\/\",\"logo\":{\"@type\":\"ImageObject\",\"inLanguage\":\"es\",\"@id\":\"https:\/\/fanou-decals.com\/#\/schema\/logo\/image\/\",\"url\":\"https:\/\/fanou-decals.com\/wp-content\/uploads\/2021\/12\/fanou-decals-logo.png\",\"contentUrl\":\"https:\/\/fanou-decals.com\/wp-content\/uploads\/2021\/12\/fanou-decals-logo.png\",\"width\":350,\"height\":126,\"caption\":\"Fanou Decals : miniatures et decals rallye, circuits, formule 1\"},\"image\":{\"@id\":\"https:\/\/fanou-decals.com\/#\/schema\/logo\/image\/\"}}]}<\/script>\n<!-- \/ Yoast SEO plugin. -->","yoast_head_json":{"title":"Pagos seguros - Coche en miniatura, calcoman\u00eda : Fanou Decals","description":"Pagos seguros compra coche en miniatura. Calcoman\u00edas Fanou","robots":{"index":"index","follow":"follow","max-snippet":"max-snippet:-1","max-image-preview":"max-image-preview:large","max-video-preview":"max-video-preview:-1"},"canonical":"https:\/\/fanou-decals.com\/paiment-securise\/","og_locale":"es_ES","og_type":"article","og_title":"Pagos seguros - Coche en miniatura, calcoman\u00eda : Fanou Decals","og_description":"Pagos seguros compra coche en miniatura. Calcoman\u00edas Fanou","og_url":"https:\/\/fanou-decals.com\/paiment-securise\/","og_site_name":"Coche en miniatura, calcoman\u00eda : Fanou Decals","article_modified_time":"2022-06-08T05:36:20+00:00","og_image":[{"url":"https:\/\/www.paypalobjects.com\/webstatic\/mktg\/icon\/secure_paypal.gif"}],"twitter_card":"summary_large_image","twitter_misc":{"Tiempo de lectura":"2 minutos"},"schema":{"@context":"https:\/\/schema.org","@graph":[{"@type":"WebPage","@id":"https:\/\/fanou-decals.com\/paiment-securise\/","url":"https:\/\/fanou-decals.com\/paiment-securise\/","name":"Pagos seguros - Coche en miniatura, calcoman\u00eda : Fanou Decals","isPartOf":{"@id":"https:\/\/fanou-decals.com\/#website"},"primaryImageOfPage":{"@id":"https:\/\/fanou-decals.com\/paiment-securise\/#primaryimage"},"image":{"@id":"https:\/\/fanou-decals.com\/paiment-securise\/#primaryimage"},"thumbnailUrl":"https:\/\/www.paypalobjects.com\/webstatic\/mktg\/icon\/secure_paypal.gif","datePublished":"2021-12-16T06:44:34+00:00","dateModified":"2022-06-08T05:36:20+00:00","description":"Paiments s\u00e9curis\u00e9s achat voiture miniature. Fanou Decals","breadcrumb":{"@id":"https:\/\/fanou-decals.com\/paiment-securise\/#breadcrumb"},"inLanguage":"es","potentialAction":[{"@type":"ReadAction","target":["https:\/\/fanou-decals.com\/paiment-securise\/"]}]},{"@type":"ImageObject","inLanguage":"es","@id":"https:\/\/fanou-decals.com\/paiment-securise\/#primaryimage","url":"https:\/\/www.paypalobjects.com\/webstatic\/mktg\/icon\/secure_paypal.gif","contentUrl":"https:\/\/www.paypalobjects.com\/webstatic\/mktg\/icon\/secure_paypal.gif"},{"@type":"BreadcrumbList","@id":"https:\/\/fanou-decals.com\/paiment-securise\/#breadcrumb","itemListElement":[{"@type":"ListItem","position":1,"name":"Fanou Decals","item":"https:\/\/fanou-decals.com\/"},{"@type":"ListItem","position":2,"name":"Paiements s\u00e9curis\u00e9s"}]},{"@type":"WebSite","@id":"https:\/\/fanou-decals.com\/#website","url":"https:\/\/fanou-decals.com\/","name":"Coche en miniatura, calcoman\u00eda : Fanou Decals","description":"Calca y miniatura coche 1\/43 rally 24 horas de Le Mans y F1","publisher":{"@id":"https:\/\/fanou-decals.com\/#organization"},"potentialAction":[{"@type":"SearchAction","target":{"@type":"EntryPoint","urlTemplate":"https:\/\/fanou-decals.com\/?s={search_term_string}"},"query-input":{"@type":"PropertyValueSpecification","valueRequired":true,"valueName":"search_term_string"}}],"inLanguage":"es"},{"@type":"Organization","@id":"https:\/\/fanou-decals.com\/#organization","name":"Fanou Decals : miniatures et decals rallye, circuits, formule 1","url":"https:\/\/fanou-decals.com\/","logo":{"@type":"ImageObject","inLanguage":"es","@id":"https:\/\/fanou-decals.com\/#\/schema\/logo\/image\/","url":"https:\/\/fanou-decals.com\/wp-content\/uploads\/2021\/12\/fanou-decals-logo.png","contentUrl":"https:\/\/fanou-decals.com\/wp-content\/uploads\/2021\/12\/fanou-decals-logo.png","width":350,"height":126,"caption":"Fanou Decals : miniatures et decals rallye, circuits, formule 1"},"image":{"@id":"https:\/\/fanou-decals.com\/#\/schema\/logo\/image\/"}}]}},"_links":{"self":[{"href":"https:\/\/fanou-decals.com\/es\/wp-json\/wp\/v2\/pages\/7269"}],"collection":[{"href":"https:\/\/fanou-decals.com\/es\/wp-json\/wp\/v2\/pages"}],"about":[{"href":"https:\/\/fanou-decals.com\/es\/wp-json\/wp\/v2\/types\/page"}],"author":[{"embeddable":true,"href":"https:\/\/fanou-decals.com\/es\/wp-json\/wp\/v2\/users\/1"}],"replies":[{"embeddable":true,"href":"https:\/\/fanou-decals.com\/es\/wp-json\/wp\/v2\/comments?post=7269"}],"version-history":[{"count":7,"href":"https:\/\/fanou-decals.com\/es\/wp-json\/wp\/v2\/pages\/7269\/revisions"}],"predecessor-version":[{"id":8029,"href":"https:\/\/fanou-decals.com\/es\/wp-json\/wp\/v2\/pages\/7269\/revisions\/8029"}],"wp:attachment":[{"href":"https:\/\/fanou-decals.com\/es\/wp-json\/wp\/v2\/media?parent=7269"}],"curies":[{"name":"wp","href":"https:\/\/api.w.org\/{rel}","templated":true}]}}