{"id":22,"date":"2021-12-06T11:08:24","date_gmt":"2021-12-06T10:08:24","guid":{"rendered":"https:\/\/fanou-decals.com\/?page_id=22"},"modified":"2022-05-25T11:30:10","modified_gmt":"2022-05-25T09:30:10","slug":"contact","status":"publish","type":"page","link":"https:\/\/fanou-decals.com\/es\/contact\/","title":{"rendered":"Cont\u00e1ctenos"},"content":{"rendered":"<h2 class=\"page-heading bottom-indent\">SERVICE CLIENT &#8211; CONTACTEZ-NOUS<\/h2>\n\n<div class=\"wpcf7 no-js\" id=\"wpcf7-f16-o1\" lang=\"fr-FR\" dir=\"ltr\">\n<div class=\"screen-reader-response\"><p role=\"status\" aria-live=\"polite\" aria-atomic=\"true\"><\/p> <ul><\/ul><\/div>\n<form action=\"\/es\/wp-json\/wp\/v2\/pages\/22#wpcf7-f16-o1\" method=\"post\" class=\"wpcf7-form init\" aria-label=\"Formulaire de contact\" novalidate=\"novalidate\" data-status=\"init\">\n<div style=\"display: none;\">\n<input type=\"hidden\" name=\"_wpcf7\" value=\"16\" \/>\n<input type=\"hidden\" name=\"_wpcf7_version\" value=\"5.9.8\" \/>\n<input type=\"hidden\" name=\"_wpcf7_locale\" value=\"fr_FR\" \/>\n<input type=\"hidden\" name=\"_wpcf7_unit_tag\" value=\"wpcf7-f16-o1\" \/>\n<input type=\"hidden\" name=\"_wpcf7_container_post\" value=\"0\" \/>\n<input type=\"hidden\" name=\"_wpcf7_posted_data_hash\" value=\"\" \/>\n<\/div>\n<p><label> Votre nom et pr\u00e9nom *<br \/>\n<span class=\"wpcf7-form-control-wrap\" data-name=\"your-name\"><input size=\"40\" maxlength=\"400\" class=\"wpcf7-form-control wpcf7-text wpcf7-validates-as-required\" aria-required=\"true\" aria-invalid=\"false\" value=\"\" type=\"text\" name=\"your-name\" \/><\/span> <\/label>\n<\/p>\n<p><label> Votre e-mail *<br \/>\n<span class=\"wpcf7-form-control-wrap\" data-name=\"your-email\"><input size=\"40\" maxlength=\"400\" class=\"wpcf7-form-control wpcf7-email wpcf7-validates-as-required wpcf7-text wpcf7-validates-as-email\" aria-required=\"true\" aria-invalid=\"false\" value=\"\" type=\"email\" name=\"your-email\" \/><\/span> <\/label>\n<\/p>\n<p><label> Votre t\u00e9l\u00e9phone<br \/>\n<span class=\"wpcf7-form-control-wrap\" data-name=\"your-tel\"><input size=\"40\" maxlength=\"400\" class=\"wpcf7-form-control wpcf7-tel wpcf7-text wpcf7-validates-as-tel\" aria-invalid=\"false\" value=\"\" type=\"tel\" name=\"your-tel\" \/><\/span><\/label>\n<\/p>\n<p><label> R\u00e9f\u00e9rence de la commande<br \/>\n<span class=\"wpcf7-form-control-wrap\" data-name=\"your-ref\"><input size=\"40\" maxlength=\"400\" class=\"wpcf7-form-control wpcf7-text\" aria-invalid=\"false\" value=\"\" type=\"text\" name=\"your-ref\" \/><\/span> <\/label>\n<\/p>\n<p><label> Objet *<br \/>\n<span class=\"wpcf7-form-control-wrap\" data-name=\"your-subject\"><input size=\"40\" maxlength=\"400\" class=\"wpcf7-form-control wpcf7-text wpcf7-validates-as-required\" aria-required=\"true\" aria-invalid=\"false\" value=\"\" type=\"text\" name=\"your-subject\" \/><\/span> <\/label>\n<\/p>\n<p><label> Votre message *<br \/>\n<span class=\"wpcf7-form-control-wrap\" data-name=\"your-message\"><textarea cols=\"40\" rows=\"10\" maxlength=\"2000\" class=\"wpcf7-form-control wpcf7-textarea wpcf7-validates-as-required\" aria-required=\"true\" aria-invalid=\"false\" name=\"your-message\"><\/textarea><\/span> <\/label>\n<\/p>\n<p><span class=\"wpcf7-form-control-wrap kc_captcha\" data-name=\"kc_captcha\"><span class=\"wpcf7-form-control wpcf7-radio\"><span class=\"captcha-image\" ><span class=\"cf7ic_instructions\">Please prove you are human by selecting the<span> house<\/span>.<\/span><label><input type=\"radio\" name=\"kc_captcha\" value=\"bot\" \/><svg width=\"50\" height=\"50\" aria-hidden=\"true\" role=\"img\" xmlns=\"http:\/\/www.w3.org\/2000\/svg\" viewBox=\"0 0 576 512\"><path fill=\"currentColor\" d=\"M415 24c-53 0-103 42-127 65-24-23-74-65-127-65C70 24 16 77 16 166c0 72 67 133 69 135l187 181c9 8 23 8 32 0l187-180c2-3 69-64 69-136 0-89-54-142-145-142z\"\/><\/svg><\/label><label><input type=\"radio\" name=\"kc_captcha\" value=\"kc_human\" \/><svg width=\"50\" height=\"50\" aria-hidden=\"true\" role=\"img\" xmlns=\"http:\/\/www.w3.org\/2000\/svg\" viewBox=\"0 0 576 512\"><path fill=\"currentColor\" d=\"M488 313v143c0 13-11 24-24 24H348c-7 0-12-5-12-12V356c0-7-5-12-12-12h-72c-7 0-12 5-12 12v112c0 7-5 12-12 12H112c-13 0-24-11-24-24V313c0-4 2-7 4-10l188-154c5-4 11-4 16 0l188 154c2 3 4 6 4 10zm84-61l-84-69V44c0-6-5-12-12-12h-56c-7 0-12 6-12 12v73l-89-74a48 48 0 00-61 0L4 252c-5 4-5 12-1 17l25 31c5 5 12 5 17 1l235-193c5-4 11-4 16 0l235 193c5 5 13 4 17-1l25-31c4-6 4-13-1-17z\"\/><\/svg><\/label><label><input type=\"radio\" name=\"kc_captcha\" value=\"bot\" \/><svg width=\"50\" height=\"50\" aria-hidden=\"true\" role=\"img\" xmlns=\"http:\/\/www.w3.org\/2000\/svg\" viewBox=\"0 0 512 512\"><path fill=\"currentColor\" d=\"M350 99c-54 0-98-35-166-35-25 0-47 4-68 12a56 56 0 004-24C118 24 95 1 66 0a56 56 0 00-34 102v386c0 13 11 24 24 24h16c13 0 24-11 24-24v-94c28-12 64-23 114-23 54 0 98 35 166 35 48 0 86-16 122-41 9-6 14-15 14-26V96c0-23-24-39-45-29-35 16-77 32-117 32z\"\/><\/svg><\/label>\r\n    <\/span>\r\n    <span style=\"display:none\">\r\n        <input type=\"text\" name=\"kc_honeypot\">\r\n    <\/span><\/span><\/span>\n<\/p>\n<p><input class=\"wpcf7-form-control wpcf7-submit has-spinner\" type=\"submit\" value=\"Envoyer\" \/>\n<\/p><div class=\"wpcf7-response-output\" aria-hidden=\"true\"><\/div>\n<\/form>\n<\/div>\n\n","protected":false},"excerpt":{"rendered":"<p>SERVICE CLIENT &#8211; CONTACTEZ-NOUS<\/p>\n","protected":false},"author":1,"featured_media":0,"parent":0,"menu_order":0,"comment_status":"closed","ping_status":"closed","template":"","meta":{"footnotes":""},"class_list":["post-22","page","type-page","status-publish","hentry","entry","owp-thumbs-layout-horizontal","owp-btn-normal","owp-tabs-layout-horizontal","has-no-thumbnails"],"translation":{"provider":"WPGlobus","version":"3.0.0","language":"es","enabled_languages":["fr","en","es","de","it"],"languages":{"fr":{"title":true,"content":true,"excerpt":false},"en":{"title":true,"content":false,"excerpt":false},"es":{"title":true,"content":false,"excerpt":false},"de":{"title":true,"content":false,"excerpt":false},"it":{"title":true,"content":false,"excerpt":false}}},"yoast_head":"<!-- This site is optimized with the Yoast SEO plugin v23.4 - https:\/\/yoast.com\/wordpress\/plugins\/seo\/ -->\n<title>Cont\u00e1ctenos - Coche en miniatura, calcoman\u00eda : Fanou Decals<\/title>\n<meta name=\"description\" content=\"contactar con Fanou Decals: venta de coches en miniatura, maquetas, calcas. comercio electr\u00f3nico veh\u00edculos en miniatura de rally, circuito, Le Mans y F\u00f3rmula 1\" \/>\n<meta name=\"robots\" content=\"index, follow, max-snippet:-1, max-image-preview:large, max-video-preview:-1\" \/>\n<link rel=\"canonical\" href=\"https:\/\/fanou-decals.com\/contact\/\" \/>\n<meta property=\"og:locale\" content=\"es_ES\" \/>\n<meta property=\"og:type\" content=\"article\" \/>\n<meta property=\"og:title\" content=\"Cont\u00e1ctenos - Coche en miniatura, calcoman\u00eda : Fanou Decals\" \/>\n<meta property=\"og:description\" content=\"contactar con Fanou Decals: venta de coches en miniatura, maquetas, calcas. comercio electr\u00f3nico veh\u00edculos en miniatura de rally, circuito, Le Mans y F\u00f3rmula 1\" \/>\n<meta property=\"og:url\" content=\"https:\/\/fanou-decals.com\/contact\/\" \/>\n<meta property=\"og:site_name\" content=\"Coche en miniatura, calcoman\u00eda : Fanou Decals\" \/>\n<meta property=\"article:modified_time\" content=\"2022-05-25T09:30:10+00:00\" \/>\n<meta name=\"twitter:card\" content=\"summary_large_image\" \/>\n<script type=\"application\/ld+json\" class=\"yoast-schema-graph\">{\"@context\":\"https:\/\/schema.org\",\"@graph\":[{\"@type\":\"WebPage\",\"@id\":\"https:\/\/fanou-decals.com\/contact\/\",\"url\":\"https:\/\/fanou-decals.com\/contact\/\",\"name\":\"Cont\u00e1ctenos - Coche en miniatura, calcoman\u00eda : Fanou Decals\",\"isPartOf\":{\"@id\":\"https:\/\/fanou-decals.com\/#website\"},\"datePublished\":\"2021-12-06T10:08:24+00:00\",\"dateModified\":\"2022-05-25T09:30:10+00:00\",\"description\":\"contact Fanou Decals: sale of miniature cars, model making, decals. e-commerce miniature rally, circuit, Le Mans and Formula 1 vehicles\",\"breadcrumb\":{\"@id\":\"https:\/\/fanou-decals.com\/contact\/#breadcrumb\"},\"inLanguage\":\"es\",\"potentialAction\":[{\"@type\":\"ReadAction\",\"target\":[\"https:\/\/fanou-decals.com\/contact\/\"]}]},{\"@type\":\"BreadcrumbList\",\"@id\":\"https:\/\/fanou-decals.com\/contact\/#breadcrumb\",\"itemListElement\":[{\"@type\":\"ListItem\",\"position\":1,\"name\":\"Fanou Decals\",\"item\":\"https:\/\/fanou-decals.com\/\"},{\"@type\":\"ListItem\",\"position\":2,\"name\":\"Contactez-nous\"}]},{\"@type\":\"WebSite\",\"@id\":\"https:\/\/fanou-decals.com\/#website\",\"url\":\"https:\/\/fanou-decals.com\/\",\"name\":\"Coche en miniatura, calcoman\u00eda : Fanou Decals\",\"description\":\"Calca y miniatura coche 1\/43 rally 24 horas de Le Mans y F1\",\"publisher\":{\"@id\":\"https:\/\/fanou-decals.com\/#organization\"},\"potentialAction\":[{\"@type\":\"SearchAction\",\"target\":{\"@type\":\"EntryPoint\",\"urlTemplate\":\"https:\/\/fanou-decals.com\/?s={search_term_string}\"},\"query-input\":{\"@type\":\"PropertyValueSpecification\",\"valueRequired\":true,\"valueName\":\"search_term_string\"}}],\"inLanguage\":\"es\"},{\"@type\":\"Organization\",\"@id\":\"https:\/\/fanou-decals.com\/#organization\",\"name\":\"Fanou Decals : miniatures et decals rallye, circuits, formule 1\",\"url\":\"https:\/\/fanou-decals.com\/\",\"logo\":{\"@type\":\"ImageObject\",\"inLanguage\":\"es\",\"@id\":\"https:\/\/fanou-decals.com\/#\/schema\/logo\/image\/\",\"url\":\"https:\/\/fanou-decals.com\/wp-content\/uploads\/2021\/12\/fanou-decals-logo.png\",\"contentUrl\":\"https:\/\/fanou-decals.com\/wp-content\/uploads\/2021\/12\/fanou-decals-logo.png\",\"width\":350,\"height\":126,\"caption\":\"Fanou Decals : miniatures et decals rallye, circuits, formule 1\"},\"image\":{\"@id\":\"https:\/\/fanou-decals.com\/#\/schema\/logo\/image\/\"}}]}<\/script>\n<!-- \/ Yoast SEO plugin. -->","yoast_head_json":{"title":"Cont\u00e1ctenos - Coche en miniatura, calcoman\u00eda : Fanou Decals","description":"contactar con Fanou Decals: venta de coches en miniatura, maquetas, calcas. comercio electr\u00f3nico veh\u00edculos en miniatura de rally, circuito, Le Mans y F\u00f3rmula 1","robots":{"index":"index","follow":"follow","max-snippet":"max-snippet:-1","max-image-preview":"max-image-preview:large","max-video-preview":"max-video-preview:-1"},"canonical":"https:\/\/fanou-decals.com\/contact\/","og_locale":"es_ES","og_type":"article","og_title":"Cont\u00e1ctenos - Coche en miniatura, calcoman\u00eda : Fanou Decals","og_description":"contactar con Fanou Decals: venta de coches en miniatura, maquetas, calcas. comercio electr\u00f3nico veh\u00edculos en miniatura de rally, circuito, Le Mans y F\u00f3rmula 1","og_url":"https:\/\/fanou-decals.com\/contact\/","og_site_name":"Coche en miniatura, calcoman\u00eda : Fanou Decals","article_modified_time":"2022-05-25T09:30:10+00:00","twitter_card":"summary_large_image","schema":{"@context":"https:\/\/schema.org","@graph":[{"@type":"WebPage","@id":"https:\/\/fanou-decals.com\/contact\/","url":"https:\/\/fanou-decals.com\/contact\/","name":"Cont\u00e1ctenos - Coche en miniatura, calcoman\u00eda : Fanou Decals","isPartOf":{"@id":"https:\/\/fanou-decals.com\/#website"},"datePublished":"2021-12-06T10:08:24+00:00","dateModified":"2022-05-25T09:30:10+00:00","description":"contact Fanou Decals: sale of miniature cars, model making, decals. e-commerce miniature rally, circuit, Le Mans and Formula 1 vehicles","breadcrumb":{"@id":"https:\/\/fanou-decals.com\/contact\/#breadcrumb"},"inLanguage":"es","potentialAction":[{"@type":"ReadAction","target":["https:\/\/fanou-decals.com\/contact\/"]}]},{"@type":"BreadcrumbList","@id":"https:\/\/fanou-decals.com\/contact\/#breadcrumb","itemListElement":[{"@type":"ListItem","position":1,"name":"Fanou Decals","item":"https:\/\/fanou-decals.com\/"},{"@type":"ListItem","position":2,"name":"Contactez-nous"}]},{"@type":"WebSite","@id":"https:\/\/fanou-decals.com\/#website","url":"https:\/\/fanou-decals.com\/","name":"Coche en miniatura, calcoman\u00eda : Fanou Decals","description":"Calca y miniatura coche 1\/43 rally 24 horas de Le Mans y F1","publisher":{"@id":"https:\/\/fanou-decals.com\/#organization"},"potentialAction":[{"@type":"SearchAction","target":{"@type":"EntryPoint","urlTemplate":"https:\/\/fanou-decals.com\/?s={search_term_string}"},"query-input":{"@type":"PropertyValueSpecification","valueRequired":true,"valueName":"search_term_string"}}],"inLanguage":"es"},{"@type":"Organization","@id":"https:\/\/fanou-decals.com\/#organization","name":"Fanou Decals : miniatures et decals rallye, circuits, formule 1","url":"https:\/\/fanou-decals.com\/","logo":{"@type":"ImageObject","inLanguage":"es","@id":"https:\/\/fanou-decals.com\/#\/schema\/logo\/image\/","url":"https:\/\/fanou-decals.com\/wp-content\/uploads\/2021\/12\/fanou-decals-logo.png","contentUrl":"https:\/\/fanou-decals.com\/wp-content\/uploads\/2021\/12\/fanou-decals-logo.png","width":350,"height":126,"caption":"Fanou Decals : miniatures et decals rallye, circuits, formule 1"},"image":{"@id":"https:\/\/fanou-decals.com\/#\/schema\/logo\/image\/"}}]}},"_links":{"self":[{"href":"https:\/\/fanou-decals.com\/es\/wp-json\/wp\/v2\/pages\/22"}],"collection":[{"href":"https:\/\/fanou-decals.com\/es\/wp-json\/wp\/v2\/pages"}],"about":[{"href":"https:\/\/fanou-decals.com\/es\/wp-json\/wp\/v2\/types\/page"}],"author":[{"embeddable":true,"href":"https:\/\/fanou-decals.com\/es\/wp-json\/wp\/v2\/users\/1"}],"replies":[{"embeddable":true,"href":"https:\/\/fanou-decals.com\/es\/wp-json\/wp\/v2\/comments?post=22"}],"version-history":[{"count":5,"href":"https:\/\/fanou-decals.com\/es\/wp-json\/wp\/v2\/pages\/22\/revisions"}],"predecessor-version":[{"id":7936,"href":"https:\/\/fanou-decals.com\/es\/wp-json\/wp\/v2\/pages\/22\/revisions\/7936"}],"wp:attachment":[{"href":"https:\/\/fanou-decals.com\/es\/wp-json\/wp\/v2\/media?parent=22"}],"curies":[{"name":"wp","href":"https:\/\/api.w.org\/{rel}","templated":true}]}}