{"id":17,"date":"2021-12-06T11:05:14","date_gmt":"2021-12-06T10:05:14","guid":{"rendered":"https:\/\/fanou-decals.com\/?page_id=17"},"modified":"2022-05-25T12:20:32","modified_gmt":"2022-05-25T10:20:32","slug":"conditions-generales-de-vente","status":"publish","type":"page","link":"https:\/\/fanou-decals.com\/en\/conditions-generales-de-vente\/","title":{"rendered":"Terms of Sales"},"content":{"rendered":"<h2 class=\"cci-header-1\" align=\"center\">Applicables \u00e0 compter du 01.01.2022<\/h2>\n<h2 class=\"cci-header-1\">Clause n\u00b0 1 : Objet et champ d&#8217;application<\/h2>\n<p>Les pr\u00e9sentes conditions g\u00e9n\u00e9rales de vente (CGV) constituent le socle de la n\u00e9gociation commerciale et sont syst\u00e9matiquement adress\u00e9es ou remises \u00e0 chaque acheteur pour lui permettre de passer commande.<\/p>\n<p>Les conditions g\u00e9n\u00e9rales de vente d\u00e9crites ci-apr\u00e8s d\u00e9taillent les droits et obligations de la soci\u00e9t\u00e9 &#8230; (d\u00e9nomination sociale) et de son client dans le cadre de la vente des marchandises suivantes : &#8230; (le vendeur doit recenser les marchandises soumises aux CGV).<\/p>\n<p>Toute acceptation du devis\/bon de commande en ce compris la clause \u00ab Je reconnais avoir pris connaissance et j&#8217;accepte les conditions g\u00e9n\u00e9rales de vente ci-annex\u00e9es \u00bb implique l&#8217;adh\u00e9sion sans r\u00e9serve de l&#8217;acheteur aux pr\u00e9sentes conditions g\u00e9n\u00e9rales de vente.<\/p>\n<p>&nbsp;<\/p>\n<h2 class=\"cci-header-1\">Clause n\u00b0 2 : Prix<\/h2>\n<p>Les prix des marchandises vendues sont ceux en vigueur au jour de la prise de commande. Ils sont libell\u00e9s en euros et calcul\u00e9s hors taxes. Par voie de cons\u00e9quence, ils seront major\u00e9s du taux de TVA et des frais de transport applicables au jour de la commande.<\/p>\n<p>La soci\u00e9t\u00e9 &#8230; (d\u00e9nomination sociale) s&#8217;accorde le droit de modifier ses tarifs \u00e0 tout moment. Toutefois, elle s&#8217;engage \u00e0 facturer les marchandises command\u00e9es aux prix indiqu\u00e9s lors de l&#8217;enregistrement de la commande.<\/p>\n<h2 class=\"cci-header-1\">Clause n\u00b0 3 : Rabais et ristournes<\/h2>\n<p>Les tarifs propos\u00e9s comprennent les rabais et ristournes que la soci\u00e9t\u00e9 &#8230; (d\u00e9nomination sociale) serait amen\u00e9e \u00e0 octroyer compte tenu de ses r\u00e9sultats ou de la prise en charge par l&#8217;acheteur de certaines prestations.<\/p>\n<h2 class=\"cci-header-1\">Clause n\u00b0 4 : Escompte<\/h2>\n<p>Aucun escompte ne sera consenti en cas de paiement anticip\u00e9.<\/p>\n<h2 class=\"cci-header-1\">Clause n\u00b0 5 : Modalit\u00e9s de paiement<\/h2>\n<p>Le r\u00e8glement des commandes s&#8217;effectue :<\/p>\n<ul>\n<li>soit par ch\u00e8que ;<\/li>\n<li>soit par carte bancaire ;<\/li>\n<li>le cas \u00e9ch\u00e9ant, indiquer les autres moyens de paiement accept\u00e9s.<\/li>\n<\/ul>\n<p>Les r\u00e8glements seront effectu\u00e9s aux conditions suivantes :<\/p>\n<ul>\n<li>Paiement \u00e0 30 jours suivant la r\u00e9ception des marchandises<\/li>\n<\/ul>\n<p>ou<\/p>\n<ul>\n<li>Paiement \u00e0 45 jours fin de mois suivant la date de facturation<\/li>\n<\/ul>\n<p>ou<\/p>\n<ul>\n<li>Paiement \u00e0 60 jours suivant la date de facturation<\/li>\n<\/ul>\n<h2 class=\"cci-header-1\">Clause n\u00b0 6 : Retard de paiement<\/h2>\n<p>En cas de d\u00e9faut de paiement total ou partiel des marchandises livr\u00e9es \u00e0 l&#8217;\u00e9ch\u00e9ance, l&#8217;acheteur doit verser \u00e0 la soci\u00e9t\u00e9 &#8230; (d\u00e9nomination sociale) une p\u00e9nalit\u00e9 de retard \u00e9gale \u00e0 trois fois le taux de l&#8217;int\u00e9r\u00eat l\u00e9gal.<\/p>\n<p>Le taux de l&#8217;int\u00e9r\u00eat l\u00e9gal retenu est celui en vigueur au jour de la livraison des marchandises.<\/p>\n<p><span class=\"info-bubble\">A compter du 1er janvier 2015, le taux d&#8217;int\u00e9r\u00eat l\u00e9gal sera r\u00e9vis\u00e9 tous les 6 mois <span class=\"secondary-text\">(Ordonnance n\u00b02014-947 du 20 ao\u00fbt 2014)<\/span>.<\/span><\/p>\n<p>Cette p\u00e9nalit\u00e9 est calcul\u00e9e sur le montant TTC de la somme restant due, et court \u00e0 compter de la date d&#8217;\u00e9ch\u00e9ance du prix sans qu&#8217;aucune mise en demeure pr\u00e9alable ne soit n\u00e9cessaire.<\/p>\n<p>En sus des indemnit\u00e9s de retard, toute somme, y compris l\u2019acompte, non pay\u00e9e \u00e0 sa date d\u2019exigibilit\u00e9 produira de plein droit le paiement d\u2019une indemnit\u00e9 forfaitaire de 40 euros due au titre des frais de recouvrement.<\/p>\n<p>Articles 441-10 et D. 441-5 du code de commerce.<\/p>\n<h2 class=\"cci-header-1\">Clause n\u00b0 7 : Clause r\u00e9solutoire<\/h2>\n<p>Si dans les quinze jours qui suivent la mise en oeuvre de la clause &#8220;Retard de paiement&#8221;, l&#8217;acheteur ne s&#8217;est pas acquitt\u00e9 des sommes restant dues, la vente sera r\u00e9solue de plein droit et pourra ouvrir droit \u00e0 l&#8217;allocation de dommages et int\u00e9r\u00eats au profit de la soci\u00e9t\u00e9 &#8230; (d\u00e9nomination sociale).<\/p>\n<h2 class=\"cci-header-1\">Clause n\u00b0 8 : Clause de r\u00e9serve de propri\u00e9t\u00e9<\/h2>\n<p>La soci\u00e9t\u00e9 &#8230; (d\u00e9nomination sociale) conserve la propri\u00e9t\u00e9 des biens vendus jusqu&#8217;au paiement int\u00e9gral du prix, en principal et en accessoires. \u00c0 ce titre, si l&#8217;acheteur fait l&#8217;objet d&#8217;un redressement ou d&#8217;une liquidation judiciaire, la soci\u00e9t\u00e9 &#8230; (d\u00e9nomination sociale) se r\u00e9serve le droit de revendiquer, dans le cadre de la proc\u00e9dure collective, les marchandises vendues et rest\u00e9es impay\u00e9es.<\/p>\n<h2 class=\"cci-header-1\">Clause n\u00b0 9 : Livraison<\/h2>\n<p>La livraison est effectu\u00e9e :<\/p>\n<ul>\n<li>soit par la remise directe de la marchandise \u00e0 l&#8217;acheteur ;<\/li>\n<li>soit par l&#8217;envoi d&#8217;un avis de mise \u00e0 disposition en magasin \u00e0 l&#8217;attention de l&#8217;acheteur ;<\/li>\n<li>soit par le d\u00e9p\u00f4t de la marchandise\u00a0au lieu indiqu\u00e9 par l&#8217;acheteur sur le bon de commande.<\/li>\n<\/ul>\n<p>Le d\u00e9lai de livraison indiqu\u00e9 lors de l&#8217;enregistrement de la commande n&#8217;est donn\u00e9 qu&#8217;\u00e0 titre indicatif et n&#8217;est aucunement garanti.<\/p>\n<p>Par voie de cons\u00e9quence, tout retard raisonnable dans la livraison des produits ne pourra pas donner lieu au profit de l&#8217;acheteur \u00e0 :<\/p>\n<ul>\n<li>l&#8217;allocation de dommages et int\u00e9r\u00eats ;<\/li>\n<li>l&#8217;annulation de la commande.<\/li>\n<\/ul>\n<p>Le risque du transport est support\u00e9 en totalit\u00e9 par l&#8217;acheteur.<\/p>\n<p>En cas de marchandises manquantes ou d\u00e9t\u00e9rior\u00e9es lors du transport, l&#8217;acheteur devra formuler toutes les r\u00e9serves n\u00e9cessaires sur le bon de commande \u00e0 r\u00e9ception desdites marchandises. Ces r\u00e9serves devront \u00eatre, en outre, confirm\u00e9es par \u00e9crit dans les cinq jours suivant la livraison, par courrier recommand\u00e9 AR adress\u00e9 \u00e0 la soci\u00e9t\u00e9.<\/p>\n<h2 class=\"cci-header-1\">Clause n\u00b0 10 : Force majeure<\/h2>\n<p>La responsabilit\u00e9 de la soci\u00e9t\u00e9 &#8230; (d\u00e9nomination sociale) ne pourra pas \u00eatre mise en oeuvre si la non-ex\u00e9cution ou le retard dans l&#8217;ex\u00e9cution de l&#8217;une de ses obligations d\u00e9crites dans les pr\u00e9sentes conditions g\u00e9n\u00e9rales de vente d\u00e9coule d&#8217;un cas de force majeure. \u00c0 ce titre, la force majeure s&#8217;entend de tout \u00e9v\u00e9nement ext\u00e9rieur, impr\u00e9visible et irr\u00e9sistible au sens de l&#8217;article 1148 du Code civil.<\/p>\n<h2 class=\"cci-header-1\">Clause n\u00b0 11 : Tribunal comp\u00e9tent<\/h2>\n<p>Tout litige relatif \u00e0 l&#8217;interpr\u00e9tation et \u00e0 l&#8217;ex\u00e9cution des pr\u00e9sentes conditions g\u00e9n\u00e9rales de vente est soumis au droit fran\u00e7ais.<\/p>\n<p>\u00c0 d\u00e9faut de r\u00e9solution amiable, le litige sera port\u00e9 devant le Tribunal de commerce &#8230; (lieu du si\u00e8ge social).<\/p>\n<p>&nbsp;<\/p>\n<div>Fait \u00e0 &#8230; (ville), le &#8230; (date)<br \/>\n&#8230; (signature du client)<br \/>\n&#8230; (signature du repr\u00e9sentant l\u00e9gal la soci\u00e9t\u00e9)<\/div>\n<div><\/div>\n<div><\/div>\n<div><\/div>\n<div><\/div>\n<div>\n<p><u><b>Contenu facultatif des conditions g\u00e9n\u00e9rales de vente <\/b><\/u><\/p>\n<p>Les clauses suivantes figurent g\u00e9n\u00e9ralement dans les CGV mais ne sont pas impos\u00e9es par la loi.<\/p>\n<p>Nous vous recommandons d\u2019inclure un maximum d\u2019entre elles en les adaptant \u00e0 votre activit\u00e9.<\/p>\n<ul>\n<li>Clause de propri\u00e9t\u00e9 intellectuelle<\/li>\n<li>R\u00e9solution<\/li>\n<li>R\u00e9siliation<\/li>\n<li>Transfert de propri\u00e9t\u00e9 et des risques<\/li>\n<li>Transport<\/li>\n<li>R\u00e9ception<\/li>\n<li>R\u00e9serve de propri\u00e9t\u00e9<\/li>\n<li>Garantie des vices apparents et cach\u00e9s<\/li>\n<li>Clause limitative ou exclusive de garantie<\/li>\n<li>Force majeure<\/li>\n<li>Protection des donn\u00e9es \u00e0 caract\u00e8re personnel<\/li>\n<li>Confidentialit\u00e9<\/li>\n<li>Clause d\u2019attribution de juridiction (ou clause compromissoire) et droit applicable<\/li>\n<li>Clause d\u2019acceptation expresse de l\u2019acheteur aux conditions g\u00e9n\u00e9rales de vente<\/li>\n<\/ul>\n<p>Cette liste n\u2019est pas exhaustive.<\/p>\n<\/div>\n","protected":false},"excerpt":{"rendered":"<p>Applicables \u00e0 compter du 01.01.2022 Clause n\u00b0 1 : Objet et champ d&#8217;application Les pr\u00e9sentes conditions g\u00e9n\u00e9rales de vente (CGV) constituent le socle de la n\u00e9gociation commerciale et sont syst\u00e9matiquement adress\u00e9es ou remises \u00e0 chaque acheteur pour lui permettre de passer commande. Les conditions g\u00e9n\u00e9rales de vente d\u00e9crites ci-apr\u00e8s d\u00e9taillent les droits et obligations de [&hellip;]<\/p>\n","protected":false},"author":1,"featured_media":0,"parent":0,"menu_order":0,"comment_status":"closed","ping_status":"closed","template":"","meta":{"footnotes":""},"class_list":["post-17","page","type-page","status-publish","hentry","entry","owp-thumbs-layout-horizontal","owp-btn-normal","owp-tabs-layout-horizontal","has-no-thumbnails"],"translation":{"provider":"WPGlobus","version":"3.0.0","language":"en","enabled_languages":["fr","en","es","de","it"],"languages":{"fr":{"title":true,"content":true,"excerpt":false},"en":{"title":true,"content":false,"excerpt":false},"es":{"title":true,"content":false,"excerpt":false},"de":{"title":true,"content":false,"excerpt":false},"it":{"title":true,"content":false,"excerpt":false}}},"yoast_head":"<!-- This site is optimized with the Yoast SEO plugin v23.4 - https:\/\/yoast.com\/wordpress\/plugins\/seo\/ -->\n<title>Terms of Sales - Miniature car, decal : Fanou Decals<\/title>\n<meta name=\"description\" content=\"miniature cars. General conditions of saleMiniatures, model making, decals: Fanou Decals.\" \/>\n<meta name=\"robots\" content=\"index, follow, max-snippet:-1, max-image-preview:large, max-video-preview:-1\" \/>\n<link rel=\"canonical\" href=\"https:\/\/fanou-decals.com\/conditions-generales-de-vente\/\" \/>\n<meta property=\"og:locale\" content=\"en_US\" \/>\n<meta property=\"og:type\" content=\"article\" \/>\n<meta property=\"og:title\" content=\"Terms of Sales - Miniature car, decal : Fanou Decals\" \/>\n<meta property=\"og:description\" content=\"miniature cars. General conditions of saleMiniatures, model making, decals: Fanou Decals.\" \/>\n<meta property=\"og:url\" content=\"https:\/\/fanou-decals.com\/conditions-generales-de-vente\/\" \/>\n<meta property=\"og:site_name\" content=\"Miniature car, decal : Fanou Decals\" \/>\n<meta property=\"article:modified_time\" content=\"2022-05-25T10:20:32+00:00\" \/>\n<meta name=\"twitter:card\" content=\"summary_large_image\" \/>\n<meta name=\"twitter:label1\" content=\"Est. reading time\" \/>\n\t<meta name=\"twitter:data1\" content=\"6 minutes\" \/>\n<script type=\"application\/ld+json\" class=\"yoast-schema-graph\">{\"@context\":\"https:\/\/schema.org\",\"@graph\":[{\"@type\":\"WebPage\",\"@id\":\"https:\/\/fanou-decals.com\/conditions-generales-de-vente\/\",\"url\":\"https:\/\/fanou-decals.com\/conditions-generales-de-vente\/\",\"name\":\"Terms of Sales - Miniature car, decal : Fanou Decals\",\"isPartOf\":{\"@id\":\"https:\/\/fanou-decals.com\/#website\"},\"datePublished\":\"2021-12-06T10:05:14+00:00\",\"dateModified\":\"2022-05-25T10:20:32+00:00\",\"description\":\"auto in miniatura. Condizioni generali di venditaMiniature, modellismo, decalcomanie: Fanou Decals.\",\"breadcrumb\":{\"@id\":\"https:\/\/fanou-decals.com\/conditions-generales-de-vente\/#breadcrumb\"},\"inLanguage\":\"en-US\",\"potentialAction\":[{\"@type\":\"ReadAction\",\"target\":[\"https:\/\/fanou-decals.com\/conditions-generales-de-vente\/\"]}]},{\"@type\":\"BreadcrumbList\",\"@id\":\"https:\/\/fanou-decals.com\/conditions-generales-de-vente\/#breadcrumb\",\"itemListElement\":[{\"@type\":\"ListItem\",\"position\":1,\"name\":\"Fanou Decals\",\"item\":\"https:\/\/fanou-decals.com\/\"},{\"@type\":\"ListItem\",\"position\":2,\"name\":\"Conditions g\u00e9n\u00e9rales de vente\"}]},{\"@type\":\"WebSite\",\"@id\":\"https:\/\/fanou-decals.com\/#website\",\"url\":\"https:\/\/fanou-decals.com\/\",\"name\":\"Miniature car, decal : Fanou Decals\",\"description\":\"Decal and miniature car 1\/43, rally, 24 hours of Le Mans, and F1\",\"publisher\":{\"@id\":\"https:\/\/fanou-decals.com\/#organization\"},\"potentialAction\":[{\"@type\":\"SearchAction\",\"target\":{\"@type\":\"EntryPoint\",\"urlTemplate\":\"https:\/\/fanou-decals.com\/?s={search_term_string}\"},\"query-input\":{\"@type\":\"PropertyValueSpecification\",\"valueRequired\":true,\"valueName\":\"search_term_string\"}}],\"inLanguage\":\"en-US\"},{\"@type\":\"Organization\",\"@id\":\"https:\/\/fanou-decals.com\/#organization\",\"name\":\"Fanou Decals : miniatures et decals rallye, circuits, formule 1\",\"url\":\"https:\/\/fanou-decals.com\/\",\"logo\":{\"@type\":\"ImageObject\",\"inLanguage\":\"en-US\",\"@id\":\"https:\/\/fanou-decals.com\/#\/schema\/logo\/image\/\",\"url\":\"https:\/\/fanou-decals.com\/wp-content\/uploads\/2021\/12\/fanou-decals-logo.png\",\"contentUrl\":\"https:\/\/fanou-decals.com\/wp-content\/uploads\/2021\/12\/fanou-decals-logo.png\",\"width\":350,\"height\":126,\"caption\":\"Fanou Decals : miniatures et decals rallye, circuits, formule 1\"},\"image\":{\"@id\":\"https:\/\/fanou-decals.com\/#\/schema\/logo\/image\/\"}}]}<\/script>\n<!-- \/ Yoast SEO plugin. -->","yoast_head_json":{"title":"Terms of Sales - Miniature car, decal : Fanou Decals","description":"miniature cars. General conditions of saleMiniatures, model making, decals: Fanou Decals.","robots":{"index":"index","follow":"follow","max-snippet":"max-snippet:-1","max-image-preview":"max-image-preview:large","max-video-preview":"max-video-preview:-1"},"canonical":"https:\/\/fanou-decals.com\/conditions-generales-de-vente\/","og_locale":"en_US","og_type":"article","og_title":"Terms of Sales - Miniature car, decal : Fanou Decals","og_description":"miniature cars. General conditions of saleMiniatures, model making, decals: Fanou Decals.","og_url":"https:\/\/fanou-decals.com\/conditions-generales-de-vente\/","og_site_name":"Miniature car, decal : Fanou Decals","article_modified_time":"2022-05-25T10:20:32+00:00","twitter_card":"summary_large_image","twitter_misc":{"Est. reading time":"6 minutes"},"schema":{"@context":"https:\/\/schema.org","@graph":[{"@type":"WebPage","@id":"https:\/\/fanou-decals.com\/conditions-generales-de-vente\/","url":"https:\/\/fanou-decals.com\/conditions-generales-de-vente\/","name":"Terms of Sales - Miniature car, decal : Fanou Decals","isPartOf":{"@id":"https:\/\/fanou-decals.com\/#website"},"datePublished":"2021-12-06T10:05:14+00:00","dateModified":"2022-05-25T10:20:32+00:00","description":"auto in miniatura. Condizioni generali di venditaMiniature, modellismo, decalcomanie: Fanou Decals.","breadcrumb":{"@id":"https:\/\/fanou-decals.com\/conditions-generales-de-vente\/#breadcrumb"},"inLanguage":"en-US","potentialAction":[{"@type":"ReadAction","target":["https:\/\/fanou-decals.com\/conditions-generales-de-vente\/"]}]},{"@type":"BreadcrumbList","@id":"https:\/\/fanou-decals.com\/conditions-generales-de-vente\/#breadcrumb","itemListElement":[{"@type":"ListItem","position":1,"name":"Fanou Decals","item":"https:\/\/fanou-decals.com\/"},{"@type":"ListItem","position":2,"name":"Conditions g\u00e9n\u00e9rales de vente"}]},{"@type":"WebSite","@id":"https:\/\/fanou-decals.com\/#website","url":"https:\/\/fanou-decals.com\/","name":"Miniature car, decal : Fanou Decals","description":"Decal and miniature car 1\/43, rally, 24 hours of Le Mans, and F1","publisher":{"@id":"https:\/\/fanou-decals.com\/#organization"},"potentialAction":[{"@type":"SearchAction","target":{"@type":"EntryPoint","urlTemplate":"https:\/\/fanou-decals.com\/?s={search_term_string}"},"query-input":{"@type":"PropertyValueSpecification","valueRequired":true,"valueName":"search_term_string"}}],"inLanguage":"en-US"},{"@type":"Organization","@id":"https:\/\/fanou-decals.com\/#organization","name":"Fanou Decals : miniatures et decals rallye, circuits, formule 1","url":"https:\/\/fanou-decals.com\/","logo":{"@type":"ImageObject","inLanguage":"en-US","@id":"https:\/\/fanou-decals.com\/#\/schema\/logo\/image\/","url":"https:\/\/fanou-decals.com\/wp-content\/uploads\/2021\/12\/fanou-decals-logo.png","contentUrl":"https:\/\/fanou-decals.com\/wp-content\/uploads\/2021\/12\/fanou-decals-logo.png","width":350,"height":126,"caption":"Fanou Decals : miniatures et decals rallye, circuits, formule 1"},"image":{"@id":"https:\/\/fanou-decals.com\/#\/schema\/logo\/image\/"}}]}},"_links":{"self":[{"href":"https:\/\/fanou-decals.com\/en\/wp-json\/wp\/v2\/pages\/17"}],"collection":[{"href":"https:\/\/fanou-decals.com\/en\/wp-json\/wp\/v2\/pages"}],"about":[{"href":"https:\/\/fanou-decals.com\/en\/wp-json\/wp\/v2\/types\/page"}],"author":[{"embeddable":true,"href":"https:\/\/fanou-decals.com\/en\/wp-json\/wp\/v2\/users\/1"}],"replies":[{"embeddable":true,"href":"https:\/\/fanou-decals.com\/en\/wp-json\/wp\/v2\/comments?post=17"}],"version-history":[{"count":5,"href":"https:\/\/fanou-decals.com\/en\/wp-json\/wp\/v2\/pages\/17\/revisions"}],"predecessor-version":[{"id":7929,"href":"https:\/\/fanou-decals.com\/en\/wp-json\/wp\/v2\/pages\/17\/revisions\/7929"}],"wp:attachment":[{"href":"https:\/\/fanou-decals.com\/en\/wp-json\/wp\/v2\/media?parent=17"}],"curies":[{"name":"wp","href":"https:\/\/api.w.org\/{rel}","templated":true}]}}