{"id":2788,"date":"2017-04-01T19:05:00","date_gmt":"2017-04-01T17:05:00","guid":{"rendered":"https:\/\/fanou-decals.com\/mercedes-benz-l-406d-fourgon-assistance-team-porsche-almeras-1980-transkit-143e\/"},"modified":"2017-04-01T19:05:00","modified_gmt":"2017-04-01T17:05:00","slug":"mercedes-benz-l-406d-fourgon-assistance-team-porsche-almeras-1980-transkit-143e","status":"publish","type":"product","link":"https:\/\/fanou-decals.com\/de\/mercedes-benz-l-406d-fourgon-assistance-team-porsche-almeras-1980-transkit-143e\/","title":{"rendered":"MERCEDES BENZ L 406D FOURGON ASSISTANCE TEAM PORSCHE ALMERAS 1980 TRANSKIT 1\/43e"},"content":{"rendered":"<h2 style=\"text-align:center;\"><strong>TRANSKIT 1\/43e<\/strong><\/h2>\n<h2 style=\"text-align:center;\"><strong> MERCEDES BENZ L 406D<\/strong><\/h2>\n<h2 style=\"text-align:center;\">FOURGON ASSISTANCE<\/h2>\n<h2 style=\"text-align:center;\">PORSCHE ALMERAS<\/h2>\n<h2 style=\"text-align:center;\">1980<\/h2>\n<h2 style=\"text-align:center;\">avec d\u00e9calcomanie en s\u00e9rigraphie,<\/h2>\n<h2 style=\"text-align:center;\">galerie en photod\u00e9coupe, pi\u00e8ces m\u00e9tal<\/h2>\n","protected":false},"excerpt":{"rendered":"<p>MERCEDES BENZ L406D ALMERAS<\/p>\n","protected":false},"featured_media":2787,"template":"","meta":[],"pwb-brand":[23],"product_cat":[96],"product_tag":[285,2514,182,2513,246,2512],"class_list":{"0":"post-2788","1":"product","2":"type-product","3":"status-publish","4":"has-post-thumbnail","6":"pwb-brand-arena-modelli","7":"product_cat-rallye","8":"product_tag-arena-modelli","9":"product_tag-assistance-almeras","10":"product_tag-fourgon","11":"product_tag-mercedes-benz-l406d","12":"product_tag-porsche","13":"product_tag-transkit-1-43e","15":"entry","16":"has-media","18":"first","19":"outofstock","20":"shipping-taxable","21":"purchasable","22":"product-type-simple","23":"col","24":"span_1_of_3","25":"owp-content-center","26":"owp-thumbs-layout-horizontal","27":"owp-btn-normal","28":"owp-tabs-layout-horizontal","29":"has-no-thumbnails"},"translation":{"provider":"WPGlobus","version":"3.0.0","language":"de","enabled_languages":["fr","en","es","de","it"],"languages":{"fr":{"title":true,"content":true,"excerpt":true},"en":{"title":false,"content":false,"excerpt":false},"es":{"title":false,"content":false,"excerpt":false},"de":{"title":false,"content":false,"excerpt":false},"it":{"title":false,"content":false,"excerpt":false}}},"yoast_head":"<!-- This site is optimized with the Yoast SEO plugin v23.4 - https:\/\/yoast.com\/wordpress\/plugins\/seo\/ -->\n<title>MERCEDES BENZ L 406D FOURGON ASSISTANCE TEAM PORSCHE ALMERAS 1980 TRANSKIT 1\/43e<\/title>\n<meta name=\"description\" content=\"MERCEDES BENZ L406D ALMERAS - Rallye Aufkleber und Miniaturen Fanou Decals\" \/>\n<meta name=\"robots\" content=\"index, follow, max-snippet:-1, max-image-preview:large, max-video-preview:-1\" \/>\n<link rel=\"canonical\" href=\"https:\/\/fanou-decals.com\/mercedes-benz-l-406d-fourgon-assistance-team-porsche-almeras-1980-transkit-143e\/\" \/>\n<meta property=\"og:locale\" content=\"de_DE\" \/>\n<meta property=\"og:type\" content=\"article\" \/>\n<meta property=\"og:title\" content=\"MERCEDES BENZ L 406D FOURGON ASSISTANCE TEAM PORSCHE ALMERAS 1980 TRANSKIT 1\/43e\" \/>\n<meta property=\"og:description\" content=\"MERCEDES BENZ L406D ALMERAS - Rallye Aufkleber und Miniaturen Fanou Decals\" \/>\n<meta property=\"og:url\" content=\"https:\/\/fanou-decals.com\/mercedes-benz-l-406d-fourgon-assistance-team-porsche-almeras-1980-transkit-143e\/\" \/>\n<meta property=\"og:site_name\" content=\"Miniaturauto, Aufkleber : Fanou Decals\" \/>\n<meta property=\"og:image\" content=\"https:\/\/fanou-decals.com\/wp-content\/uploads\/2017\/04\/1602-MERCEDES-BENZ-L-406D-FOURGON-ASSISTANCE-TEAM-PORSCHE-ALMERAS-1980-TRANSKIT-143e.jpg\" \/>\n\t<meta property=\"og:image:width\" content=\"768\" \/>\n\t<meta property=\"og:image:height\" content=\"1006\" \/>\n\t<meta property=\"og:image:type\" content=\"image\/jpeg\" \/>\n<meta name=\"twitter:card\" content=\"summary_large_image\" \/>\n<script type=\"application\/ld+json\" class=\"yoast-schema-graph\">{\"@context\":\"https:\/\/schema.org\",\"@graph\":[{\"@type\":\"WebPage\",\"@id\":\"https:\/\/fanou-decals.com\/mercedes-benz-l-406d-fourgon-assistance-team-porsche-almeras-1980-transkit-143e\/\",\"url\":\"https:\/\/fanou-decals.com\/mercedes-benz-l-406d-fourgon-assistance-team-porsche-almeras-1980-transkit-143e\/\",\"name\":\"MERCEDES BENZ L 406D FOURGON ASSISTANCE TEAM PORSCHE ALMERAS 1980 TRANSKIT 1\/43e\",\"isPartOf\":{\"@id\":\"https:\/\/fanou-decals.com\/#website\"},\"primaryImageOfPage\":{\"@id\":\"https:\/\/fanou-decals.com\/mercedes-benz-l-406d-fourgon-assistance-team-porsche-almeras-1980-transkit-143e\/#primaryimage\"},\"image\":{\"@id\":\"https:\/\/fanou-decals.com\/mercedes-benz-l-406d-fourgon-assistance-team-porsche-almeras-1980-transkit-143e\/#primaryimage\"},\"thumbnailUrl\":\"https:\/\/fanou-decals.com\/wp-content\/uploads\/2017\/04\/1602-MERCEDES-BENZ-L-406D-FOURGON-ASSISTANCE-TEAM-PORSCHE-ALMERAS-1980-TRANSKIT-143e.jpg\",\"datePublished\":\"2017-04-01T17:05:00+00:00\",\"dateModified\":\"2017-04-01T17:05:00+00:00\",\"description\":\"MERCEDES BENZ L406D ALMERAS - Rallye Aufkleber und Miniaturen Fanou Decals\",\"breadcrumb\":{\"@id\":\"https:\/\/fanou-decals.com\/mercedes-benz-l-406d-fourgon-assistance-team-porsche-almeras-1980-transkit-143e\/#breadcrumb\"},\"inLanguage\":\"de\",\"potentialAction\":[{\"@type\":\"ReadAction\",\"target\":[\"https:\/\/fanou-decals.com\/mercedes-benz-l-406d-fourgon-assistance-team-porsche-almeras-1980-transkit-143e\/\"]}]},{\"@type\":\"ImageObject\",\"inLanguage\":\"de\",\"@id\":\"https:\/\/fanou-decals.com\/mercedes-benz-l-406d-fourgon-assistance-team-porsche-almeras-1980-transkit-143e\/#primaryimage\",\"url\":\"https:\/\/fanou-decals.com\/wp-content\/uploads\/2017\/04\/1602-MERCEDES-BENZ-L-406D-FOURGON-ASSISTANCE-TEAM-PORSCHE-ALMERAS-1980-TRANSKIT-143e.jpg\",\"contentUrl\":\"https:\/\/fanou-decals.com\/wp-content\/uploads\/2017\/04\/1602-MERCEDES-BENZ-L-406D-FOURGON-ASSISTANCE-TEAM-PORSCHE-ALMERAS-1980-TRANSKIT-143e.jpg\",\"width\":768,\"height\":1006,\"caption\":\"MERCEDES BENZ L 406D FOURGON ASSISTANCE TEAM PORSCHE ALMERAS 1980 TRANSKIT 1\/43e\"},{\"@type\":\"BreadcrumbList\",\"@id\":\"https:\/\/fanou-decals.com\/mercedes-benz-l-406d-fourgon-assistance-team-porsche-almeras-1980-transkit-143e\/#breadcrumb\",\"itemListElement\":[{\"@type\":\"ListItem\",\"position\":1,\"name\":\"Fanou Decals\",\"item\":\"https:\/\/fanou-decals.com\/\"},{\"@type\":\"ListItem\",\"position\":2,\"name\":\"Decals et v\u00e9hicules miniatures\",\"item\":\"https:\/\/fanou-decals.com\/boutique\/\"},{\"@type\":\"ListItem\",\"position\":3,\"name\":\"Decals rallye et voitures de rallye miniatures\",\"item\":\"https:\/\/fanou-decals.com\/rallye\/\"},{\"@type\":\"ListItem\",\"position\":4,\"name\":\"MERCEDES BENZ L 406D FOURGON ASSISTANCE TEAM PORSCHE ALMERAS 1980 TRANSKIT 1\/43e\"}]},{\"@type\":\"WebSite\",\"@id\":\"https:\/\/fanou-decals.com\/#website\",\"url\":\"https:\/\/fanou-decals.com\/\",\"name\":\"Miniaturauto, Aufkleber : Fanou Decals\",\"description\":\"Aufkleber und Miniaturauto 1\/43, Rallye, 24 Stunden von Le Mans und F1\",\"publisher\":{\"@id\":\"https:\/\/fanou-decals.com\/#organization\"},\"potentialAction\":[{\"@type\":\"SearchAction\",\"target\":{\"@type\":\"EntryPoint\",\"urlTemplate\":\"https:\/\/fanou-decals.com\/?s={search_term_string}\"},\"query-input\":{\"@type\":\"PropertyValueSpecification\",\"valueRequired\":true,\"valueName\":\"search_term_string\"}}],\"inLanguage\":\"de\"},{\"@type\":\"Organization\",\"@id\":\"https:\/\/fanou-decals.com\/#organization\",\"name\":\"Fanou Decals : miniatures et decals rallye, circuits, formule 1\",\"url\":\"https:\/\/fanou-decals.com\/\",\"logo\":{\"@type\":\"ImageObject\",\"inLanguage\":\"de\",\"@id\":\"https:\/\/fanou-decals.com\/#\/schema\/logo\/image\/\",\"url\":\"https:\/\/fanou-decals.com\/wp-content\/uploads\/2021\/12\/fanou-decals-logo.png\",\"contentUrl\":\"https:\/\/fanou-decals.com\/wp-content\/uploads\/2021\/12\/fanou-decals-logo.png\",\"width\":350,\"height\":126,\"caption\":\"Fanou Decals : miniatures et decals rallye, circuits, formule 1\"},\"image\":{\"@id\":\"https:\/\/fanou-decals.com\/#\/schema\/logo\/image\/\"}}]}<\/script>\n<!-- \/ Yoast SEO plugin. -->","yoast_head_json":{"title":"MERCEDES BENZ L 406D FOURGON ASSISTANCE TEAM PORSCHE ALMERAS 1980 TRANSKIT 1\/43e","description":"MERCEDES BENZ L406D ALMERAS - Rallye Aufkleber und Miniaturen Fanou Decals","robots":{"index":"index","follow":"follow","max-snippet":"max-snippet:-1","max-image-preview":"max-image-preview:large","max-video-preview":"max-video-preview:-1"},"canonical":"https:\/\/fanou-decals.com\/mercedes-benz-l-406d-fourgon-assistance-team-porsche-almeras-1980-transkit-143e\/","og_locale":"de_DE","og_type":"article","og_title":"MERCEDES BENZ L 406D FOURGON ASSISTANCE TEAM PORSCHE ALMERAS 1980 TRANSKIT 1\/43e","og_description":"MERCEDES BENZ L406D ALMERAS - Rallye Aufkleber und Miniaturen Fanou Decals","og_url":"https:\/\/fanou-decals.com\/mercedes-benz-l-406d-fourgon-assistance-team-porsche-almeras-1980-transkit-143e\/","og_site_name":"Miniaturauto, Aufkleber : Fanou Decals","og_image":[{"width":768,"height":1006,"url":"https:\/\/fanou-decals.com\/wp-content\/uploads\/2017\/04\/1602-MERCEDES-BENZ-L-406D-FOURGON-ASSISTANCE-TEAM-PORSCHE-ALMERAS-1980-TRANSKIT-143e.jpg","type":"image\/jpeg"}],"twitter_card":"summary_large_image","schema":{"@context":"https:\/\/schema.org","@graph":[{"@type":"WebPage","@id":"https:\/\/fanou-decals.com\/mercedes-benz-l-406d-fourgon-assistance-team-porsche-almeras-1980-transkit-143e\/","url":"https:\/\/fanou-decals.com\/mercedes-benz-l-406d-fourgon-assistance-team-porsche-almeras-1980-transkit-143e\/","name":"MERCEDES BENZ L 406D FOURGON ASSISTANCE TEAM PORSCHE ALMERAS 1980 TRANSKIT 1\/43e","isPartOf":{"@id":"https:\/\/fanou-decals.com\/#website"},"primaryImageOfPage":{"@id":"https:\/\/fanou-decals.com\/mercedes-benz-l-406d-fourgon-assistance-team-porsche-almeras-1980-transkit-143e\/#primaryimage"},"image":{"@id":"https:\/\/fanou-decals.com\/mercedes-benz-l-406d-fourgon-assistance-team-porsche-almeras-1980-transkit-143e\/#primaryimage"},"thumbnailUrl":"https:\/\/fanou-decals.com\/wp-content\/uploads\/2017\/04\/1602-MERCEDES-BENZ-L-406D-FOURGON-ASSISTANCE-TEAM-PORSCHE-ALMERAS-1980-TRANSKIT-143e.jpg","datePublished":"2017-04-01T17:05:00+00:00","dateModified":"2017-04-01T17:05:00+00:00","description":"MERCEDES BENZ L406D ALMERAS - Rallye Aufkleber und Miniaturen Fanou Decals","breadcrumb":{"@id":"https:\/\/fanou-decals.com\/mercedes-benz-l-406d-fourgon-assistance-team-porsche-almeras-1980-transkit-143e\/#breadcrumb"},"inLanguage":"de","potentialAction":[{"@type":"ReadAction","target":["https:\/\/fanou-decals.com\/mercedes-benz-l-406d-fourgon-assistance-team-porsche-almeras-1980-transkit-143e\/"]}]},{"@type":"ImageObject","inLanguage":"de","@id":"https:\/\/fanou-decals.com\/mercedes-benz-l-406d-fourgon-assistance-team-porsche-almeras-1980-transkit-143e\/#primaryimage","url":"https:\/\/fanou-decals.com\/wp-content\/uploads\/2017\/04\/1602-MERCEDES-BENZ-L-406D-FOURGON-ASSISTANCE-TEAM-PORSCHE-ALMERAS-1980-TRANSKIT-143e.jpg","contentUrl":"https:\/\/fanou-decals.com\/wp-content\/uploads\/2017\/04\/1602-MERCEDES-BENZ-L-406D-FOURGON-ASSISTANCE-TEAM-PORSCHE-ALMERAS-1980-TRANSKIT-143e.jpg","width":768,"height":1006,"caption":"MERCEDES BENZ L 406D FOURGON ASSISTANCE TEAM PORSCHE ALMERAS 1980 TRANSKIT 1\/43e"},{"@type":"BreadcrumbList","@id":"https:\/\/fanou-decals.com\/mercedes-benz-l-406d-fourgon-assistance-team-porsche-almeras-1980-transkit-143e\/#breadcrumb","itemListElement":[{"@type":"ListItem","position":1,"name":"Fanou Decals","item":"https:\/\/fanou-decals.com\/"},{"@type":"ListItem","position":2,"name":"Decals et v\u00e9hicules miniatures","item":"https:\/\/fanou-decals.com\/boutique\/"},{"@type":"ListItem","position":3,"name":"Decals rallye et voitures de rallye miniatures","item":"https:\/\/fanou-decals.com\/rallye\/"},{"@type":"ListItem","position":4,"name":"MERCEDES BENZ L 406D FOURGON ASSISTANCE TEAM PORSCHE ALMERAS 1980 TRANSKIT 1\/43e"}]},{"@type":"WebSite","@id":"https:\/\/fanou-decals.com\/#website","url":"https:\/\/fanou-decals.com\/","name":"Miniaturauto, Aufkleber : Fanou Decals","description":"Aufkleber und Miniaturauto 1\/43, Rallye, 24 Stunden von Le Mans und F1","publisher":{"@id":"https:\/\/fanou-decals.com\/#organization"},"potentialAction":[{"@type":"SearchAction","target":{"@type":"EntryPoint","urlTemplate":"https:\/\/fanou-decals.com\/?s={search_term_string}"},"query-input":{"@type":"PropertyValueSpecification","valueRequired":true,"valueName":"search_term_string"}}],"inLanguage":"de"},{"@type":"Organization","@id":"https:\/\/fanou-decals.com\/#organization","name":"Fanou Decals : miniatures et decals rallye, circuits, formule 1","url":"https:\/\/fanou-decals.com\/","logo":{"@type":"ImageObject","inLanguage":"de","@id":"https:\/\/fanou-decals.com\/#\/schema\/logo\/image\/","url":"https:\/\/fanou-decals.com\/wp-content\/uploads\/2021\/12\/fanou-decals-logo.png","contentUrl":"https:\/\/fanou-decals.com\/wp-content\/uploads\/2021\/12\/fanou-decals-logo.png","width":350,"height":126,"caption":"Fanou Decals : miniatures et decals rallye, circuits, formule 1"},"image":{"@id":"https:\/\/fanou-decals.com\/#\/schema\/logo\/image\/"}}]}},"brands":[{"id":23,"name":"ARENA MODELLI","slug":"arena-modelli"}],"_links":{"self":[{"href":"https:\/\/fanou-decals.com\/de\/wp-json\/wp\/v2\/product\/2788"}],"collection":[{"href":"https:\/\/fanou-decals.com\/de\/wp-json\/wp\/v2\/product"}],"about":[{"href":"https:\/\/fanou-decals.com\/de\/wp-json\/wp\/v2\/types\/product"}],"wp:featuredmedia":[{"embeddable":true,"href":"https:\/\/fanou-decals.com\/de\/wp-json\/wp\/v2\/media\/2787"}],"wp:attachment":[{"href":"https:\/\/fanou-decals.com\/de\/wp-json\/wp\/v2\/media?parent=2788"}],"wp:term":[{"taxonomy":"pwb-brand","embeddable":true,"href":"https:\/\/fanou-decals.com\/de\/wp-json\/wp\/v2\/pwb-brand?post=2788"},{"taxonomy":"product_cat","embeddable":true,"href":"https:\/\/fanou-decals.com\/de\/wp-json\/wp\/v2\/product_cat?post=2788"},{"taxonomy":"product_tag","embeddable":true,"href":"https:\/\/fanou-decals.com\/de\/wp-json\/wp\/v2\/product_tag?post=2788"}],"curies":[{"name":"wp","href":"https:\/\/api.w.org\/{rel}","templated":true}]}}